{"id":941,"date":"2018-10-02T10:05:33","date_gmt":"2018-10-02T10:05:33","guid":{"rendered":"https:\/\/www.dezaley.ch\/dezaley-en-live\/"},"modified":"2021-04-19T15:04:43","modified_gmt":"2021-04-19T15:04:43","slug":"dezaley-live","status":"publish","type":"page","link":"https:\/\/www.dezaley.ch\/de\/dezaley-live\/","title":{"rendered":"D\u00e9zaley Live"},"content":{"rendered":"<h1>EIN ERLEBNIS ZUM TEILEN<\/h1>\n<h2>D\u00e9zaley Live<\/h2>\n<div>\n<p>erforschen &#8211; entdecken &#8211; degustieren<\/p>\n<\/div>\n<h2>D\u00e9zaley Live<\/h2>\n<div>\n<p>        <img src=\"\/wp-content\/uploads\/ancien.jpg\" alt=\"\"><\/p>\n<h3>Eine Geschichte, die lebt<\/h3>\n<p>Geschichte &#038; Terroir<\/p>\n<div>\n<div><span lang=\"DE-CH\">Der vollst\u00e4ndig von Menschenhand geformte Weinberg des D\u00e9zaley ist Zeuge einer \u00fcber 800j\u00e4hrigen Weinbautradition. Weil der Bischof von Lausanne vom Potenzial des Terrroirs \u00fcberzeugt war, schenkte er dieses Land im Jahre 1141 den Zisterzienser M\u00f6nchen, die in immenser Arbeit dieses Brachland zu einem Weinberg, zu einer aussergew\u00f6hnlichen Landschaft, formten.<\/span><\/div>\n<\/div>\n<p><a href=\"\/de\/geschichte\/\"><\/a><\/p>\n<\/div>\n<div>\n<p>        <img src=\"\/wp-content\/uploads\/vinorama.jpg\" alt=\"\"><\/p>\n<h3>Lavaux Vinorama<\/h3>\n<p>Das ganze Lavaux in Ihrem Glas&#8230;<\/p>\n<p><a href=\"\/de\/lavaux-vinorama\/\"><\/a><\/p>\n<\/div>\n<div>\n<p>        <img src=\"\/wp-content\/uploads\/tasting.jpg\" alt=\"\"><\/p>\n<h3>Den D\u00e9zaley degustieren<\/h3>\n<p>Die Weinkeller erkunden<\/p>\n<p><a href=\"\/de\/weinkellern\/\"><\/a><\/p>\n<\/div>\n<div>\n<p>        <img src=\"\/wp-content\/uploads\/prestige.jpg\" alt=\"\"><\/p>\n<h3>AOC D\u00e9zaley Grand Cru<\/h3>\n<p>Eine Herkunftsbezeichnung mit viel Prestige<\/p>\n<p><a href=\"\/de\/herkunftsbezeichnung\/\"><\/a><\/p>\n<\/div>\n<div>\n<p>        <img src=\"\/wp-content\/uploads\/mystere.jpg\" alt=\"\"><\/p>\n<h3>Die Einzigartigkeit des D\u00e9zaley<\/h3>\n<p>Seine Geheimnisse\u2026<\/p>\n<p><a href=\"\/de\/die-geheimnisse-des-dezaley\/\"><\/a><\/p>\n<\/div>\n<p><!--more--><br \/>\n<!-- {\"name\":\"Home\",\"type\":\"layout\",\"children\":[{\"name\":\"Hero-temp\",\"type\":\"section\",\"props\":{\"width\":\"large\",\"padding\":\"large\",\"style\":\"muted\",\"text_color\":\"light\",\"media\":\"images\\\/home-header.jpg\",\"height_viewport\":true,\"header_overlay\":\"light\",\"image\":\"wp-content\\\/uploads\\\/bg_dezaleylive.jpg\",\"media_advanced\":true,\"image_size\":\"cover\",\"media_background\":\"#1e3040\",\"media_overlay\":null,\"height\":\"percent\",\"animation\":\"slide-top\",\"header_transparent\":\"light\",\"image_position\":\"bottom-center\",\"image_fixed\":false,\"class\":\"\",\"overlap\":true,\"vertical_align\":\"middle\",\"title_position\":\"top-left\",\"title_rotation\":\"left\",\"title_breakpoint\":\"xl\",\"image_width\":\"1920\"},\"children\":[{\"name\":\"\",\"type\":\"row\",\"props\":{\"class\":\"\"},\"children\":[{\"name\":\"\",\"type\":\"column\",\"props\":{\"image_position\":\"center-center\",\"width_medium\":\"1-1\",\"media_overlay_gradient\":\"\"},\"children\":[{\"name\":\"\",\"type\":\"headline\",\"props\":{\"title_element\":\"h1\",\"content\":\"EIN ERLEBNIS ZUM TEILEN\",\"title_style\":\"h5\",\"text_align\":\"center\",\"margin\":\"small\"}},{\"name\":\"\",\"type\":\"headline\",\"props\":{\"title_element\":\"h2\",\"title_style\":\"heading-large\",\"content\":\"D\\u00e9zaley Live\",\"text_align\":\"center\",\"margin\":\"small\"}},{\"name\":\"\",\"type\":\"text\",\"props\":{\"column_breakpoint\":\"m\",\"margin\":\"small\",\"content\":\"\n\n<p>erforschen - entdecken - degustieren<\\\/p>\",\"text_style\":\"lead\",\"text_align\":\"center\",\"animation\":\"slide-bottom\"}}]}]}]},{\"name\":\"\",\"type\":\"section\",\"props\":{\"style\":\"muted\",\"width\":\"large\",\"vertical_align\":\"middle\",\"title_position\":\"top-left\",\"title_rotation\":\"left\",\"title_breakpoint\":\"xl\",\"image_position\":\"center-center\",\"padding\":\"small\",\"padding_remove_bottom\":false},\"children\":[{\"name\":\"\",\"type\":\"row\",\"children\":[{\"name\":\"\",\"type\":\"column\",\"props\":{\"image_position\":\"center-center\",\"width_medium\":\"1-1\",\"media_overlay_gradient\":\"\"},\"children\":[{\"name\":\"\",\"type\":\"headline\",\"props\":{\"title_element\":\"h2\",\"content\":\"D\\u00e9zaley Live\",\"text_align\":\"center\",\"text_align_fallback\":\"center\",\"title_style\":\"h5\",\"text_align_breakpoint\":\"s\",\"block_align\":\"center\"}},{\"name\":\"\",\"type\":\"divider\",\"props\":{\"divider_element\":\"div\",\"divider_style\":\"icon\",\"divider_align\":\"left\",\"divider_align_breakpoint\":\"s\",\"divider_align_fallback\":\"center\"}}]}]}]},{\"name\":\"More trips\",\"type\":\"section\",\"props\":{\"style\":\"default\",\"width\":\"large\",\"image_size\":\"cover\",\"padding\":\"small\",\"class\":\"\",\"overlap\":true,\"image_position\":\"center-center\",\"vertical_align\":\"middle\",\"title_position\":\"top-left\",\"title_rotation\":\"left\",\"title_breakpoint\":\"xl\"},\"children\":[{\"name\":\"\",\"type\":\"row\",\"props\":{\"layout\":\"2-3,1-3\",\"match\":true},\"children\":[{\"name\":\"\",\"type\":\"column\",\"props\":{\"image_position\":\"center-center\",\"width_medium\":\"2-3\",\"media_overlay_gradient\":\"\"},\"children\":[{\"name\":\"\",\"type\":\"panel\",\"props\":{\"title_element\":\"h3\",\"image_align\":\"left\",\"image_grid_width\":\"1-2\",\"link_style\":\"default\",\"margin\":\"default\",\"panel_style\":\"card-default\",\"content\":\"\n\n<div><span lang=\\\"DE-CH\\\">Der vollst\\u00e4ndig von Menschenhand geformte Weinberg des D\\u00e9zaley ist Zeuge einer \\u00fcber 800j\\u00e4hrigen Weinbautradition. Weil der Bischof von Lausanne vom Potenzial des Terrroirs \\u00fcberzeugt war, schenkte er dieses Land im Jahre 1141 den Zisterzienser M\\u00f6nchen, die in immenser Arbeit dieses Brachland zu einem Weinberg, zu einer aussergew\\u00f6hnlichen Landschaft, formten.<\\\/span><\\\/div>\",\"title\":\"Eine Geschichte, die lebt\",\"image\":\"wp-content\\\/uploads\\\/ancien.jpg\",\"text_align\":\"left\",\"link\":\"de\\\/geschichte\\\/\",\"link_text\":\"\",\"text_align_breakpoint\":\"s\",\"text_align_fallback\":\"center\",\"meta_style\":\"meta\",\"meta_align\":\"below-title\",\"panel_size\":\"large\",\"meta\":\"Geschichte & Terroir\",\"meta_margin\":\"small\",\"image_width\":\"920\",\"panel_card_image\":true,\"image_grid_breakpoint\":\"m\",\"panel_link\":true,\"icon_width\":80,\"title_hover_style\":\"reset\",\"title_align\":\"top\",\"title_grid_width\":\"1-2\",\"title_grid_breakpoint\":\"m\",\"meta_element\":\"div\",\"content_column_breakpoint\":\"m\",\"image_svg_color\":\"emphasis\"}}]},{\"name\":\"\",\"type\":\"column\",\"props\":{\"image_position\":\"center-center\",\"width_medium\":\"1-3\",\"media_overlay_gradient\":\"\"},\"children\":[{\"name\":\"\",\"type\":\"panel\",\"props\":{\"title_element\":\"h3\",\"image_align\":\"top\",\"image_grid_width\":\"1-2\",\"link_style\":\"default\",\"margin\":\"default\",\"panel_style\":\"card-default\",\"title\":\"Lavaux Vinorama\",\"image\":\"wp-content\\\/uploads\\\/vinorama.jpg\",\"content\":\"\",\"link\":\"de\\\/lavaux-vinorama\\\/\",\"link_text\":\"\",\"text_align\":\"left\",\"text_align_breakpoint\":\"s\",\"text_align_fallback\":\"center\",\"meta_style\":\"meta\",\"meta_align\":\"below-title\",\"meta\":\"Das ganze Lavaux in Ihrem Glas...\",\"meta_margin\":\"small\",\"image_width\":\"920\",\"panel_card_image\":true,\"image_grid_breakpoint\":\"m\",\"panel_link\":true,\"icon_width\":80,\"title_hover_style\":\"reset\",\"title_align\":\"top\",\"title_grid_width\":\"1-2\",\"title_grid_breakpoint\":\"m\",\"meta_element\":\"div\",\"content_column_breakpoint\":\"m\",\"image_svg_color\":\"emphasis\"}}]}]},{\"name\":\"\",\"type\":\"row\",\"props\":{\"layout\":\"1-3,1-3,1-3\",\"match\":true},\"children\":[{\"name\":\"\",\"type\":\"column\",\"props\":{\"image_position\":\"center-center\",\"width_medium\":\"1-3\",\"media_overlay_gradient\":\"\"},\"children\":[{\"name\":\"\",\"type\":\"panel\",\"props\":{\"title_element\":\"h3\",\"image_align\":\"top\",\"image_grid_width\":\"1-2\",\"link_style\":\"default\",\"margin\":\"default\",\"panel_style\":\"card-default\",\"image\":\"wp-content\\\/uploads\\\/tasting.jpg\",\"title\":\"Den D\\u00e9zaley degustieren\",\"content\":\"\",\"link\":\"de\\\/weinkellern\\\/\",\"link_text\":\"\",\"text_align\":\"left\",\"text_align_breakpoint\":\"s\",\"text_align_fallback\":\"center\",\"meta_style\":\"meta\",\"meta_align\":\"below-title\",\"meta\":\"Die Weinkeller erkunden\",\"meta_margin\":\"small\",\"image_width\":\"920\",\"panel_card_image\":true,\"image_grid_breakpoint\":\"m\",\"panel_link\":true,\"icon_width\":80,\"title_hover_style\":\"reset\",\"title_align\":\"top\",\"title_grid_width\":\"1-2\",\"title_grid_breakpoint\":\"m\",\"meta_element\":\"div\",\"content_column_breakpoint\":\"m\",\"image_svg_color\":\"emphasis\"}}]},{\"name\":\"\",\"type\":\"column\",\"props\":{\"image_position\":\"center-center\",\"width_medium\":\"1-3\",\"media_overlay_gradient\":\"\"},\"children\":[{\"name\":\"\",\"type\":\"panel\",\"props\":{\"title_element\":\"h3\",\"image_align\":\"top\",\"image_grid_width\":\"1-2\",\"link_style\":\"default\",\"margin\":\"default\",\"panel_style\":\"card-default\",\"image\":\"wp-content\\\/uploads\\\/prestige.jpg\",\"title\":\"AOC D\\u00e9zaley Grand Cru\",\"content\":\"\",\"link\":\"de\\\/herkunftsbezeichnung\\\/\",\"link_text\":\"\",\"text_align\":\"left\",\"text_align_breakpoint\":\"s\",\"text_align_fallback\":\"center\",\"meta_style\":\"meta\",\"meta_align\":\"below-title\",\"meta\":\"Eine Herkunftsbezeichnung mit viel Prestige\",\"meta_margin\":\"small\",\"image_width\":\"920\",\"panel_card_image\":true,\"image_grid_breakpoint\":\"m\",\"panel_link\":true,\"icon_width\":80,\"title_hover_style\":\"reset\",\"title_align\":\"top\",\"title_grid_width\":\"1-2\",\"title_grid_breakpoint\":\"m\",\"meta_element\":\"div\",\"content_column_breakpoint\":\"m\",\"image_svg_color\":\"emphasis\"}}]},{\"name\":\"\",\"type\":\"column\",\"props\":{\"image_position\":\"center-center\",\"width_medium\":\"1-3\",\"media_overlay_gradient\":\"\"},\"children\":[{\"name\":\"\",\"type\":\"panel\",\"props\":{\"title_element\":\"h3\",\"image_align\":\"top\",\"image_grid_width\":\"1-2\",\"link_style\":\"default\",\"margin\":\"default\",\"panel_style\":\"card-default\",\"image\":\"wp-content\\\/uploads\\\/mystere.jpg\",\"content\":\"\",\"title\":\"Die Einzigartigkeit des D\\u00e9zaley\",\"link\":\"de\\\/die-geheimnisse-des-dezaley\\\/\",\"link_text\":\"\",\"text_align\":\"left\",\"text_align_breakpoint\":\"s\",\"text_align_fallback\":\"center\",\"meta_style\":\"meta\",\"meta_align\":\"below-title\",\"meta\":\"Seine Geheimnisse\\u2026\",\"meta_margin\":\"small\",\"image_width\":\"920\",\"panel_card_image\":true,\"image_grid_breakpoint\":\"m\",\"panel_link\":true,\"icon_width\":80,\"title_hover_style\":\"reset\",\"title_align\":\"top\",\"title_grid_width\":\"1-2\",\"title_grid_breakpoint\":\"m\",\"meta_element\":\"div\",\"content_column_breakpoint\":\"m\",\"image_svg_color\":\"emphasis\"}}]}]}]}],\"version\":\"2.4.11\"} --><\/p>\n","protected":false},"excerpt":{"rendered":"<p>EIN ERLEBNIS ZUM TEILEN D\u00e9zaley Live erforschen &#8211; entdecken &#8211; degustieren D\u00e9zaley Live Eine Geschichte, die lebt Geschichte &#038; Terroir Der vollst\u00e4ndig von Menschenhand geformte Weinberg des D\u00e9zaley ist Zeuge einer \u00fcber 800j\u00e4hrigen Weinbautradition. Weil der Bischof von Lausanne vom Potenzial des Terrroirs \u00fcberzeugt war, schenkte er dieses Land im Jahre 1141 den Zisterzienser M\u00f6nchen, [&hellip;]<\/p>\n","protected":false},"author":1,"featured_media":0,"parent":0,"menu_order":0,"comment_status":"closed","ping_status":"closed","template":"","meta":[],"_links":{"self":[{"href":"https:\/\/www.dezaley.ch\/de\/wp-json\/wp\/v2\/pages\/941"}],"collection":[{"href":"https:\/\/www.dezaley.ch\/de\/wp-json\/wp\/v2\/pages"}],"about":[{"href":"https:\/\/www.dezaley.ch\/de\/wp-json\/wp\/v2\/types\/page"}],"author":[{"embeddable":true,"href":"https:\/\/www.dezaley.ch\/de\/wp-json\/wp\/v2\/users\/1"}],"replies":[{"embeddable":true,"href":"https:\/\/www.dezaley.ch\/de\/wp-json\/wp\/v2\/comments?post=941"}],"version-history":[{"count":3,"href":"https:\/\/www.dezaley.ch\/de\/wp-json\/wp\/v2\/pages\/941\/revisions"}],"predecessor-version":[{"id":1011,"href":"https:\/\/www.dezaley.ch\/de\/wp-json\/wp\/v2\/pages\/941\/revisions\/1011"}],"wp:attachment":[{"href":"https:\/\/www.dezaley.ch\/de\/wp-json\/wp\/v2\/media?parent=941"}],"curies":[{"name":"wp","href":"https:\/\/api.w.org\/{rel}","templated":true}]}}