{"id":948,"date":"2018-10-01T15:02:11","date_gmt":"2018-10-01T15:02:11","guid":{"rendered":"https:\/\/www.dezaley.ch\/parcours-decouverte\/"},"modified":"2021-05-11T09:22:05","modified_gmt":"2021-05-11T09:22:05","slug":"entdeckungs-parcours","status":"publish","type":"page","link":"https:\/\/www.dezaley.ch\/de\/entdeckungs-parcours\/","title":{"rendered":"Entdeckungs-Parcours"},"content":{"rendered":"<div>DER D\u00c9ZALEY<br \/>L\u00c4SST SICH AUCH ZU FUSS GENIESSEN<\/div>\n<div>\n<p>Hereinspaziert \u2026 durch die Pforten des D\u00e9zaley<\/p>\n<\/div>\n<h1>Die 5 Pforten als Eingang zum D\u00e9zaley<\/h1>\n<div>\n<p><span>Eine Wanderung durch die wundersch\u00f6nen Rebberge ist die beste Art, um sich von der Sch\u00f6nheit des D\u00e9zaley verzaubern zu lassen. Von 5 Metall-Pforten aus haben die Winzer dieses AOC Grand Cru-Gebietes einen Rundgang jaloniert, den man in ca. 1h50 bequem abschreiten kann. Auf dem Weg durch dieses aussergew\u00f6hnliche Weinbaugebiet zwischen Himmel und Erde kommen Sie an symboltr\u00e4chtigen Orten vorbei mit einer grossartigen Sicht auf den See und die Alpen.<\/span><\/p>\n<p>Der Ausgangspunkt Ihrer Wanderung ist einfach zu erreichen: Entweder ab den SBB-Bahnh\u00f6fen von Cully, Epesses, Chexbres, Grandvaux und Rivaz, oder, warum auch nicht, an Bord eines der romantischen Belle Epoque-Raddampfer der CGN (= Genfersee Schifffahrtsgesellschaft) von den Landungsstegen von Cully oder Rivaz..<\/p>\n<\/div>\n<p><img src=\"\/wp-content\/uploads\/walking.jpg\" alt=\"\"><\/p>\n<h2>EINE REISE IN DAS HERZ EINES WELTBEKANNTEN ERBES<\/h2>\n<div>\n\n<div class=\"\">\n    <div class=\"wk-position-relative wk-display-inline-block\">\n\n        <img src=\"\/wp-content\/plugins\/widgetkit-3\/cache\/map3-0ace9059e0ac132eaf2ca281cd115b0b.jpg\" alt=\"\">\n\n        \n        <div class=\"wk-position-absolute wk-hidden-small\" style=\"left:22.5%; top:31%;\" data-wk-dropdown=\"{'pos': 'top-center','mode': 'hover'}\">\n\n            \n            <a class=\"wk-popover-toggle wk-icon-eye wk-icon-button\"><\/a>\n\n            \n            <div class=\"wk-dropdown-blank\" style=\"width:400px;\">\n\n               \n<div class=\"wk-panel wk-panel-box  wk-text-left\">\n\n    \n    \n        <h3 class=\"wk-h1 wk-margin-top-remove\">\n\n                    Pforte Nr. 1 - Wo sich die Wege der Grand Crus kreuzen        \n    <\/h3>\n    \n        <div class=\"wk-margin\">Diese Pforte markiert die Grenze zwischen den beiden prestigetr\u00e4chtigsten Herkunftsbezeichnungen des Kantons Waadt. \n<br><br>\n<a href=\"\/de\/pforten#p1\">Mehr lesen...<\/a><\/div>\n    \n    \n<\/div>\n\n            <\/div>\n\n        <\/div>\n\n    \n        <div class=\"wk-position-absolute wk-hidden-small\" style=\"left:32.5%; top:38%;\" data-wk-dropdown=\"{'pos': 'top-center','mode': 'hover'}\">\n\n            \n            <a class=\"wk-popover-toggle wk-icon-eye wk-icon-button\"><\/a>\n\n            \n            <div class=\"wk-dropdown-blank\" style=\"width:400px;\">\n\n               \n<div class=\"wk-panel wk-panel-box  wk-text-left\">\n\n    \n    \n        <h3 class=\"wk-h1 wk-margin-top-remove\">\n\n                    Pforte Nr. 2 - La Savorettaz        \n    <\/h3>\n    \n        <div class=\"wk-margin\">Wenige Meter neben der Klause des Heiligen Antonius befindet sich ein angenehmer Picknick-Platz unter B\u00e4umen, die dem Wanderer im Sommer willkommenen Schatten spenden. Vom Ort Savorettaz hat man einen sch\u00f6nen Blick auf die Burg von Marsens.\n<br><br>\n<a href=\"\/de\/pforten#p2\">Mehr lesen...<\/a><\/div>\n    \n    \n<\/div>\n\n            <\/div>\n\n        <\/div>\n\n    \n        <div class=\"wk-position-absolute wk-hidden-small\" style=\"left:79%; top:45%;\" data-wk-dropdown=\"{'pos': 'top-center','mode': 'hover'}\">\n\n            \n            <a class=\"wk-popover-toggle wk-icon-eye wk-icon-button\"><\/a>\n\n            \n            <div class=\"wk-dropdown-blank\" style=\"width:400px;\">\n\n               \n<div class=\"wk-panel wk-panel-box  wk-text-left\">\n\n    \n    \n        <h3 class=\"wk-h1 wk-margin-top-remove\">\n\n                    Pforte Nr. 3 - Der Weg \u00ab la Dame \u00bb        \n    <\/h3>\n    \n        <div class=\"wk-margin\">Ganz oben im Rebberg schweift Ihr Blick auf eine 34 Millionen Jahre alte Geschichte. In dieser Urzeit haben sich Nagelfluh- und Molasse-Felsen zusammengefunden und vereint. Und dann formte die Alpenfaltung einen Rebberg, der sich der Sonne zuwendet. Diese Felsen, wie aus Stein gemeisselt, tragen die Spuren vom R\u00fcckzug des Rhonegletschers.\n<br><br>\n<a href=\"\/de\/pforten#p3\">Mehr lesen...<\/a>\n<\/div>\n    \n    \n<\/div>\n\n            <\/div>\n\n        <\/div>\n\n    \n        <div class=\"wk-position-absolute wk-hidden-small\" style=\"left:56.5%; top:42%;\" data-wk-dropdown=\"{'pos': 'top-center','mode': 'hover'}\">\n\n            \n            <a class=\"wk-popover-toggle wk-icon-eye wk-icon-button\"><\/a>\n\n            \n            <div class=\"wk-dropdown-blank\" style=\"width:400px;\">\n\n               \n<div class=\"wk-panel wk-panel-box  wk-text-left\">\n\n    \n    \n        <h3 class=\"wk-h1 wk-margin-top-remove\">\n\n                    Pforte Nr. 4 - Panorama \u2013 Platz        \n    <\/h3>\n    \n        <div class=\"wk-margin\">Hier, am steilsten Hang des D\u00e9zaley, geniessen Sie eine grossartige Sicht auf den Genfersee. Wenn man sich umdreht, erblickt man das Kreuz von Notre Dame, das w\u00e4hrend Jahrhunderten ein Wahlfahrtsort war.\n<br><br>\n<a href=\"\/de\/pforten#p4\">Mehr lesen...<\/a><\/div>\n    \n    \n<\/div>\n\n            <\/div>\n\n        <\/div>\n\n    \n        <div class=\"wk-position-absolute wk-hidden-small\" style=\"left:37%; top:29%;\" data-wk-dropdown=\"{'pos': 'top-center','mode': 'hover'}\">\n\n            \n            <a class=\"wk-popover-toggle wk-icon-eye wk-icon-button\"><\/a>\n\n            \n            <div class=\"wk-dropdown-blank\" style=\"width:400px;\">\n\n               \n<div class=\"wk-panel wk-panel-box  wk-text-left\">\n\n    \n    \n        <h3 class=\"wk-h1 wk-margin-top-remove\">\n\n                    Pforte Nr. 5 - La Chapotannaz        \n    <\/h3>\n    \n        <div class=\"wk-margin\">Der Ort Chapotannaz liegt dort, wo sich die Strassen der Corniche und des D\u00e9zaley kreuzen. W\u00e4hrend der Besetzung des Waadtlandes durch die Berner verkehrten hier viele Pferdefuhrwerke, um den Wein in die Deutschschweiz zu transportieren.\n<br><br>\n<a href=\"\/de\/pforten#p5\">Mehr lesen...<\/a><\/div>\n    \n    \n<\/div>\n\n            <\/div>\n\n        <\/div>\n\n        <\/div>\n\n    <div class=\"wk-margin wk-visible-small\" data-wk-slideset=\"{default: 1}\">\n        <div class=\"wk-margin\">\n            <ul class=\"wk-slideset wk-grid wk-flex-center\">\n                                <li>\n<div class=\"wk-panel wk-panel-box  wk-text-left\">\n\n    \n    \n        <h3 class=\"wk-h1 wk-margin-top-remove\">\n\n                    Pforte Nr. 1 - Wo sich die Wege der Grand Crus kreuzen        \n    <\/h3>\n    \n        <div class=\"wk-margin\">Diese Pforte markiert die Grenze zwischen den beiden prestigetr\u00e4chtigsten Herkunftsbezeichnungen des Kantons Waadt. \n<br><br>\n<a href=\"\/de\/pforten#p1\">Mehr lesen...<\/a><\/div>\n    \n    \n<\/div>\n<\/li>\n                                <li>\n<div class=\"wk-panel wk-panel-box  wk-text-left\">\n\n    \n    \n        <h3 class=\"wk-h1 wk-margin-top-remove\">\n\n                    Pforte Nr. 2 - La Savorettaz        \n    <\/h3>\n    \n        <div class=\"wk-margin\">Wenige Meter neben der Klause des Heiligen Antonius befindet sich ein angenehmer Picknick-Platz unter B\u00e4umen, die dem Wanderer im Sommer willkommenen Schatten spenden. Vom Ort Savorettaz hat man einen sch\u00f6nen Blick auf die Burg von Marsens.\n<br><br>\n<a href=\"\/de\/pforten#p2\">Mehr lesen...<\/a><\/div>\n    \n    \n<\/div>\n<\/li>\n                                <li>\n<div class=\"wk-panel wk-panel-box  wk-text-left\">\n\n    \n    \n        <h3 class=\"wk-h1 wk-margin-top-remove\">\n\n                    Pforte Nr. 3 - Der Weg \u00ab la Dame \u00bb        \n    <\/h3>\n    \n        <div class=\"wk-margin\">Ganz oben im Rebberg schweift Ihr Blick auf eine 34 Millionen Jahre alte Geschichte. In dieser Urzeit haben sich Nagelfluh- und Molasse-Felsen zusammengefunden und vereint. Und dann formte die Alpenfaltung einen Rebberg, der sich der Sonne zuwendet. Diese Felsen, wie aus Stein gemeisselt, tragen die Spuren vom R\u00fcckzug des Rhonegletschers.\n<br><br>\n<a href=\"\/de\/pforten#p3\">Mehr lesen...<\/a>\n<\/div>\n    \n    \n<\/div>\n<\/li>\n                                <li>\n<div class=\"wk-panel wk-panel-box  wk-text-left\">\n\n    \n    \n        <h3 class=\"wk-h1 wk-margin-top-remove\">\n\n                    Pforte Nr. 4 - Panorama \u2013 Platz        \n    <\/h3>\n    \n        <div class=\"wk-margin\">Hier, am steilsten Hang des D\u00e9zaley, geniessen Sie eine grossartige Sicht auf den Genfersee. Wenn man sich umdreht, erblickt man das Kreuz von Notre Dame, das w\u00e4hrend Jahrhunderten ein Wahlfahrtsort war.\n<br><br>\n<a href=\"\/de\/pforten#p4\">Mehr lesen...<\/a><\/div>\n    \n    \n<\/div>\n<\/li>\n                                <li>\n<div class=\"wk-panel wk-panel-box  wk-text-left\">\n\n    \n    \n        <h3 class=\"wk-h1 wk-margin-top-remove\">\n\n                    Pforte Nr. 5 - La Chapotannaz        \n    <\/h3>\n    \n        <div class=\"wk-margin\">Der Ort Chapotannaz liegt dort, wo sich die Strassen der Corniche und des D\u00e9zaley kreuzen. W\u00e4hrend der Besetzung des Waadtlandes durch die Berner verkehrten hier viele Pferdefuhrwerke, um den Wein in die Deutschschweiz zu transportieren.\n<br><br>\n<a href=\"\/de\/pforten#p5\">Mehr lesen...<\/a><\/div>\n    \n    \n<\/div>\n<\/li>\n                            <\/ul>\n        <\/div>\n        <ul class=\"wk-slideset-nav wk-dotnav wk-flex-center\"><\/ul>\n    <\/div>\n\n<\/div>\n\n<\/div>\n<p><img src=\"\/wp-content\/uploads\/IMG_2570-2.jpg\" alt=\"\"><\/p>\n<h3>Auf zur Entdeckung der Terrassen<br \/>des Lavaux von Cully bis Rivaz<\/h3>\n<div>\n<p>Vom Bahnhof Cully aus folgen Sie, n\u00f6rdlich der Geleise in Richtung Vevey, den gelben Wanderweg-Schildern \u00abTerrasse de Lavaux\u00bb. Nach ein paar hundert Metern steigt der Weg an. Unter dem Dorf Epesses \u00fcberqueren Sie den Weg, der zum Bahnhof Epesses f\u00fchrt. Gehen Sie geradeaus weiter auf dem Calamin-Weg, der Sie rasch zur Pforte Nr. 1 bringt, welche die Grenze zwischen dem Calamin und dem D\u00e9zaley markiert, den beiden einzigen AOC Grand Cru des Waadtlandes.<\/p>\n<p>In Rivaz (vom SBB-Bahnhof oder dem CGN-Landungssteg) gehen Sie das Dorf hinauf bis zum Dorfplatz. Wenn Sie beim Schulhaus mit seinem Glockent\u00fcrmchen angekommen sind, zweigen Sie nach Westen ab. Nach einem kleinen Abstieg erreichen Sie eine Br\u00fccke, welche den Bach Forestay \u00fcberquert. Hier geht es bergauf bis zum D\u00e9zaley, an der Kreuzung der Wege des D\u00e9zaley und \u00abla Dame\u00bb (Pforte Nr. 2). Die Pforte Nr. 2 k\u00f6nnen Sie auch via das Vinorama erreichen, wo Sie eine h\u00fcbsche Treppe zu Ihrem Ausganspunkt bringt. Dieser Weg ist entlang des Baches Forestay mit seinem manchmal tosenden Wasserfall angelegt.<\/p>\n<p>Die Weinberge des Lavaux verdanken ihre Ber\u00fchmtheit den \u00abdrei Sonnen\u00bb, welche die Reben bescheinen und erw\u00e4rmen. Die erste Sonne ist die des Himmels, die zweite ist die R\u00fcckstrahlung des Sees und die dritte ist jene der Steinmauern, welche in der Nacht die tags\u00fcber gespeicherte W\u00e4rme den Reben zur\u00fcckgeben.<\/p>\n<p>Wir empfehlen Ihnen deshalb, sich mit einer Sonnenschutzcr\u00e8me auszur\u00fcsten und f\u00fcr die Wanderung gen\u00fcgend Wasser mitzunehmen!<\/p>\n<\/div>\n<hr>\n<div>\n<p><strong>Dauer: 1h50 \u2013 einfache Wanderung \u2013 H\u00f6henunterschied: 238 m<\/strong><\/p>\n<p><strong>Hin- und R\u00fcckreise<\/strong><br \/>Mit dem Zug bis Cully oder mit dem CGN-Schiff, je nach Saison. R\u00fcckreise im Zug oder per Schiff.<\/p>\n<p><strong>Kartenmaterial<\/strong><br \/>Die Karten des Lavaux und der Region sind in den B\u00fcros des Montreux-Vevey Tourismus erh\u00e4ltlich oder k\u00f6nnen von der Webseite www.montreuxriviera.com heruntergeladen werden.<\/p>\n<\/div>\n<div>\n<p>        <img src=\"\/wp-content\/uploads\/minitrain.jpg\" alt=\"\"><\/p>\n<h3>Mini-Zugstrecken im Lavaux<\/h3>\n<p><a href=\"http:\/\/www.lavauxexpress.ch\" target=\"_blank\">Lavaux Express<\/a>, <a href=\"http:\/\/www.lavaux-panoramic.ch\" target=\"_blank\">Lavaux Panoramic<\/a><\/p>\n<\/div>\n<div>\n<p>        <img src=\"\/wp-content\/uploads\/bateau.jpg\" alt=\"\"><\/p>\n<h3>Zugang mit dem Boot CGN<\/h3>\n<p>D\u00e9barcad\u00e8res Cully, Rivaz, Vevey<\/p>\n<p><a href=\"https:\/\/www.cgn.ch\"><\/a><\/p>\n<\/div>\n<div>\n<p>        <img src=\"\/wp-content\/uploads\/accestrain.jpg\" alt=\"\"><\/p>\n<h3>Zugang mit der Bahn<\/h3>\n<p>Gares Cully, Epesses, Rivaz, St-Saphorin, Vevey<\/p>\n<p><a href=\"https:\/\/www.sbb.ch\/fr\/\"><\/a><\/p>\n<\/div>\n<p><!--more--><br \/>\n<!-- {\"name\":\"Destination Scandinavia\",\"type\":\"layout\",\"children\":[{\"name\":\"Hero Producteur\",\"type\":\"section\",\"props\":{\"width\":\"\",\"padding\":\"large\",\"style\":\"secondary\",\"media\":\"images\\\/home-header.jpg\",\"height_viewport\":true,\"header_overlay\":\"light\",\"image\":\"wp-content\\\/uploads\\\/home_002-1.jpg\",\"media_advanced\":true,\"image_size\":\"cover\",\"media_background\":null,\"media_overlay\":null,\"height\":\"full\",\"animation\":\"slide-top\",\"image_position\":\"bottom-center\",\"image_fixed\":false,\"class\":\"\",\"overlap\":true,\"css\":\"\\\/*.uk-grid {\\n    background: url(wp-content\\\/uploads\\\/home-header-splash.png) 50% 50% no-repeat;\\n    background-size: contain;\\n    padding: 135px 0;\\n}*\\\/\\n.uk-grid {\\n    float:right;\\n     \\\/*background-color: #212121;*\\\/\\n    background-color: rgba(33,33,33,.7);\\n    background-size: contain;\\n    padding: 75px;\\n    }\",\"vertical_align\":\"bottom\",\"title_position\":\"top-left\",\"title_rotation\":\"left\",\"title_breakpoint\":\"xl\",\"image_width\":\"1920\",\"header_transparent_noplaceholder\":false},\"children\":[{\"name\":\"\",\"type\":\"row\",\"props\":{\"class\":\"\"},\"children\":[{\"name\":\"\",\"type\":\"column\",\"props\":{\"image_position\":\"center-center\",\"width_medium\":\"1-1\",\"media_overlay_gradient\":\"\"},\"children\":[{\"name\":\"\",\"type\":\"headline\",\"props\":{\"title_element\":\"div\",\"title_style\":\"h2\",\"content\":\"DER D\\u00c9ZALEY<br \\\/>L\\u00c4SST SICH AUCH ZU FUSS GENIESSEN\",\"css\":\".el-element {text-transform:uppercase;font-weight:bold;letter-spacing:3px}\"}},{\"name\":\"\",\"type\":\"text\",\"props\":{\"column_breakpoint\":\"m\",\"margin\":\"small\",\"content\":\"\n\n<p>Hereinspaziert \\u2026 durch die Pforten des D\\u00e9zaley<\\\/p>\",\"text_style\":\"lead\",\"text_align\":\"left\",\"animation\":\"slide-bottom\",\"css\":\".el-meta {font-size:14pt}\"}}]}]}]},{\"name\":\"\",\"type\":\"section\",\"props\":{\"style\":\"default\",\"width\":\"large\",\"vertical_align\":\"middle\",\"title_position\":\"top-left\",\"title_rotation\":\"left\",\"title_breakpoint\":\"xl\",\"image_position\":\"center-center\"},\"children\":[{\"name\":\"\",\"type\":\"row\",\"props\":{\"layout\":\"1-2,1-2\",\"column_gap\":\"large\",\"row_gap\":\"large\"},\"children\":[{\"name\":\"\",\"type\":\"column\",\"props\":{\"image_position\":\"center-center\",\"width_medium\":\"1-2\",\"media_overlay_gradient\":\"\"},\"children\":[{\"name\":\"\",\"type\":\"headline\",\"props\":{\"title_element\":\"h1\",\"content\":\"Die 5 Pforten als Eingang zum D\\u00e9zaley\"}},{\"name\":\"\",\"type\":\"text\",\"props\":{\"margin\":\"default\",\"column_breakpoint\":\"m\",\"content\":\"\n\n<p><span>Eine Wanderung durch die wundersch\\u00f6nen Rebberge ist die beste Art, um sich von der Sch\\u00f6nheit des D\\u00e9zaley verzaubern zu lassen. Von 5 Metall-Pforten aus haben die Winzer dieses AOC Grand Cru-Gebietes einen Rundgang jaloniert, den man in ca. 1h50 bequem abschreiten kann. Auf dem Weg durch dieses aussergew\\u00f6hnliche Weinbaugebiet zwischen Himmel und Erde kommen Sie an symboltr\\u00e4chtigen Orten vorbei mit einer grossartigen Sicht auf den See und die Alpen.<\\\/span><\\\/p>\\n\n\n<p>Der Ausgangspunkt Ihrer Wanderung ist einfach zu erreichen: Entweder ab den SBB-Bahnh\\u00f6fen von Cully, Epesses, Chexbres, Grandvaux und Rivaz, oder, warum auch nicht, an Bord eines der romantischen Belle Epoque-Raddampfer der CGN (= Genfersee Schifffahrtsgesellschaft) von den Landungsstegen von Cully oder Rivaz..<\\\/p>\"}}]},{\"name\":\"\",\"type\":\"column\",\"props\":{\"image_position\":\"center-center\",\"width_medium\":\"1-2\",\"media_overlay_gradient\":\"\"},\"children\":[{\"name\":\"\",\"type\":\"image\",\"props\":{\"margin\":\"default\",\"image\":\"wp-content\\\/uploads\\\/walking.jpg\",\"image_svg_color\":\"emphasis\"}}]}]}]},{\"name\":\"Map\",\"type\":\"section\",\"props\":{\"style\":\"default\",\"width\":\"\",\"image_size\":\"cover\",\"padding\":\"large\",\"image_position\":\"center-center\",\"vertical_align\":\"middle\",\"title_position\":\"top-left\",\"title_rotation\":\"left\",\"title_breakpoint\":\"xl\"},\"children\":[{\"name\":\"\",\"type\":\"row\",\"children\":[{\"name\":\"\",\"type\":\"column\",\"props\":{\"image_position\":\"center-center\",\"width_medium\":\"1-1\",\"media_overlay_gradient\":\"\"},\"children\":[{\"name\":\"\",\"type\":\"headline\",\"props\":{\"title_element\":\"h2\",\"title_style\":\"h5\",\"text_align\":\"center\",\"content\":\"EINE REISE IN DAS HERZ EINES WELTBEKANNTEN ERBES\"}},{\"name\":\"\",\"type\":\"divider\",\"props\":{\"divider_element\":\"div\",\"divider_style\":\"icon\",\"divider_align\":\"\",\"divider_align_breakpoint\":\"\",\"divider_align_fallback\":\"\"}},{\"name\":\"\",\"type\":\"text\",\"props\":{\"margin\":\"default\",\"column_breakpoint\":\"m\",\"content\":\"\n\n<p>[widgetkit id=\\\"2\\\"]<\\\/p>\"}}]}]}]},{\"name\":\"A la d\\u00e9couverte des terrasses...\",\"type\":\"section\",\"props\":{\"width\":\"large\",\"padding\":\"large\",\"style\":\"default\",\"media\":\"\",\"height_viewport\":false,\"header_overlay\":\"light\",\"animation\":\"slide-top-medium\",\"padding_remove_top\":true,\"image_size\":\"cover\",\"image\":\"\",\"image_position\":\"bottom-center\",\"image_fixed\":false,\"class\":\"\",\"media_overlay\":\"rgba(255, 255, 255, 0.88)\",\"overlap\":false,\"vertical_align\":\"middle\",\"title_position\":\"top-left\",\"title_rotation\":\"left\",\"title_breakpoint\":\"xl\"},\"children\":[{\"name\":\"\",\"type\":\"row\",\"props\":{\"layout\":\"1-2,1-2\"},\"children\":[{\"name\":\"\",\"type\":\"column\",\"props\":{\"image_position\":\"center-center\",\"width_medium\":\"1-2\",\"media_overlay_gradient\":\"\"},\"children\":[{\"name\":\"\",\"type\":\"image\",\"props\":{\"margin\":\"default\",\"image\":\"wp-content\\\/uploads\\\/IMG_2570-2.jpg\",\"image_svg_color\":\"emphasis\"}}]},{\"name\":\"\",\"type\":\"column\",\"props\":{\"image_position\":\"center-center\",\"width_medium\":\"1-2\",\"media_overlay_gradient\":\"\"},\"children\":[{\"name\":\"\",\"type\":\"headline\",\"props\":{\"title_element\":\"h3\",\"title_style\":\"h3\",\"content\":\"Auf zur Entdeckung der Terrassen<br \\\/>des Lavaux von Cully bis Rivaz\",\"css\":\".el-element {font-size:18pt}\\n.el-element {margin-bottom:0 !important:padding-bottom:0 !important}\"}},{\"name\":\"\",\"type\":\"text\",\"props\":{\"margin\":\"default\",\"column_breakpoint\":\"m\",\"content\":\"\n\n<p>Vom Bahnhof Cully aus folgen Sie, n\\u00f6rdlich der Geleise in Richtung Vevey, den gelben Wanderweg-Schildern \\u00abTerrasse de Lavaux\\u00bb. Nach ein paar hundert Metern steigt der Weg an. Unter dem Dorf Epesses \\u00fcberqueren Sie den Weg, der zum Bahnhof Epesses f\\u00fchrt. Gehen Sie geradeaus weiter auf dem Calamin-Weg, der Sie rasch zur Pforte Nr. 1 bringt, welche die Grenze zwischen dem Calamin und dem D\\u00e9zaley markiert, den beiden einzigen AOC Grand Cru des Waadtlandes.<\\\/p>\\n\n\n<p>In Rivaz (vom SBB-Bahnhof oder dem CGN-Landungssteg) gehen Sie das Dorf hinauf bis zum Dorfplatz. Wenn Sie beim Schulhaus mit seinem Glockent\\u00fcrmchen angekommen sind, zweigen Sie nach Westen ab. Nach einem kleinen Abstieg erreichen Sie eine Br\\u00fccke, welche den Bach Forestay \\u00fcberquert. Hier geht es bergauf bis zum D\\u00e9zaley, an der Kreuzung der Wege des D\\u00e9zaley und \\u00abla Dame\\u00bb (Pforte Nr. 2). Die Pforte Nr. 2 k\\u00f6nnen Sie auch via das Vinorama erreichen, wo Sie eine h\\u00fcbsche Treppe zu Ihrem Ausganspunkt bringt. Dieser Weg ist entlang des Baches Forestay mit seinem manchmal tosenden Wasserfall angelegt.<\\\/p>\\n\n\n<p>Die Weinberge des Lavaux verdanken ihre Ber\\u00fchmtheit den \\u00abdrei Sonnen\\u00bb, welche die Reben bescheinen und erw\\u00e4rmen. Die erste Sonne ist die des Himmels, die zweite ist die R\\u00fcckstrahlung des Sees und die dritte ist jene der Steinmauern, welche in der Nacht die tags\\u00fcber gespeicherte W\\u00e4rme den Reben zur\\u00fcckgeben.<\\\/p>\\n\n\n<p>Wir empfehlen Ihnen deshalb, sich mit einer Sonnenschutzcr\\u00e8me auszur\\u00fcsten und f\\u00fcr die Wanderung gen\\u00fcgend Wasser mitzunehmen!<\\\/p>\",\"css\":\".el-element {margin-bottom:2px !important;padding-bottom:0 !important;font-size:11pt}\"}},{\"name\":\"\",\"type\":\"divider\",\"props\":{\"divider_element\":\"hr\",\"divider_style\":\"\",\"divider_align\":\"\",\"divider_align_breakpoint\":\"\",\"divider_align_fallback\":\"\",\"margin\":\"remove-vertical\",\"css\":\".el-element hr {margin:0 !important;padding:0 !important}\"}},{\"name\":\"\",\"type\":\"text\",\"props\":{\"margin\":\"default\",\"column_breakpoint\":\"m\",\"css\":\".el-element {margin-top:2px !important;padding-top:0 !important;font-size:10pt}\",\"content\":\"\n\n<p><strong>Dauer: 1h50 \\u2013 einfache Wanderung \\u2013 H\\u00f6henunterschied: 238 m<\\\/strong><\\\/p>\\n\n\n<p><strong>Hin- und R\\u00fcckreise<\\\/strong><br \\\/>Mit dem Zug bis Cully oder mit dem CGN-Schiff, je nach Saison. R\\u00fcckreise im Zug oder per Schiff.<\\\/p>\\n\n\n<p><strong>Kartenmaterial<\\\/strong><br \\\/>Die Karten des Lavaux und der Region sind in den B\\u00fcros des Montreux-Vevey Tourismus erh\\u00e4ltlich oder k\\u00f6nnen von der Webseite www.montreuxriviera.com heruntergeladen werden.<\\\/p>\"}}]}]},{\"name\":\"\",\"type\":\"row\",\"props\":{\"layout\":\"1-3,1-3,1-3\",\"match\":true,\"margin\":\"large\",\"margin_remove_bottom\":false},\"children\":[{\"name\":\"\",\"type\":\"column\",\"props\":{\"image_position\":\"center-center\",\"width_medium\":\"1-3\",\"media_overlay_gradient\":\"\"},\"children\":[{\"name\":\"\",\"type\":\"panel\",\"props\":{\"title_element\":\"h3\",\"image_align\":\"top\",\"image_grid_width\":\"1-2\",\"link_style\":\"default\",\"margin\":\"\",\"panel_style\":\"card-default\",\"image\":\"wp-content\\\/uploads\\\/minitrain.jpg\",\"title\":\"Mini-Zugstrecken im Lavaux\",\"content\":\"\",\"text_align\":\"center\",\"margin_remove_top\":false,\"link\":\"\",\"link_text\":\"\",\"meta_style\":\"meta\",\"meta_align\":\"below-title\",\"meta\":\"<a href=\\\"http:\\\/\\\/www.lavauxexpress.ch\\\" target=\\\"_blank\\\">Lavaux Express<\\\/a>, <a href=\\\"http:\\\/\\\/www.lavaux-panoramic.ch\\\" target=\\\"_blank\\\">Lavaux Panoramic<\\\/a>\",\"meta_margin\":\"small\",\"image_width\":\"920\",\"link_target\":true,\"panel_card_image\":true,\"image_grid_breakpoint\":\"m\",\"panel_link\":true,\"icon_width\":80,\"title_hover_style\":\"reset\",\"title_align\":\"top\",\"title_grid_width\":\"1-2\",\"title_grid_breakpoint\":\"m\",\"meta_element\":\"div\",\"content_column_breakpoint\":\"m\",\"image_svg_color\":\"emphasis\"}}]},{\"name\":\"\",\"type\":\"column\",\"props\":{\"image_position\":\"center-center\",\"width_medium\":\"1-3\",\"media_overlay_gradient\":\"\"},\"children\":[{\"name\":\"\",\"type\":\"panel\",\"props\":{\"title_element\":\"h3\",\"image_align\":\"top\",\"image_grid_width\":\"1-2\",\"link_style\":\"default\",\"margin\":\"default\",\"panel_style\":\"card-default\",\"image\":\"wp-content\\\/uploads\\\/bateau.jpg\",\"title\":\"Zugang mit dem Boot CGN\",\"content\":\"\",\"text_align\":\"center\",\"link\":\"https:\\\/\\\/www.cgn.ch\",\"link_text\":\"\",\"meta_style\":\"meta\",\"meta_align\":\"below-title\",\"meta\":\"D\\u00e9barcad\\u00e8res Cully, Rivaz, Vevey\",\"meta_margin\":\"small\",\"image_width\":\"920\",\"link_target\":true,\"panel_card_image\":true,\"image_grid_breakpoint\":\"m\",\"panel_link\":true,\"icon_width\":80,\"title_hover_style\":\"reset\",\"title_align\":\"top\",\"title_grid_width\":\"1-2\",\"title_grid_breakpoint\":\"m\",\"meta_element\":\"div\",\"content_column_breakpoint\":\"m\",\"image_svg_color\":\"emphasis\"}}]},{\"name\":\"\",\"type\":\"column\",\"props\":{\"image_position\":\"center-center\",\"width_medium\":\"1-3\",\"media_overlay_gradient\":\"\"},\"children\":[{\"name\":\"\",\"type\":\"panel\",\"props\":{\"title_element\":\"h3\",\"image_align\":\"top\",\"image_grid_width\":\"1-2\",\"link_style\":\"default\",\"margin\":\"default\",\"panel_style\":\"card-default\",\"image\":\"wp-content\\\/uploads\\\/accestrain.jpg\",\"content\":\"\",\"title\":\"Zugang mit der Bahn\",\"text_align\":\"center\",\"link\":\"https:\\\/\\\/www.sbb.ch\\\/fr\\\/\",\"link_text\":\"\",\"meta_style\":\"meta\",\"meta_align\":\"below-title\",\"meta\":\"Gares Cully, Epesses, Rivaz, St-Saphorin, Vevey\",\"meta_margin\":\"small\",\"image_width\":\"920\",\"link_target\":true,\"panel_card_image\":true,\"image_grid_breakpoint\":\"m\",\"panel_link\":true,\"icon_width\":80,\"title_hover_style\":\"reset\",\"title_align\":\"top\",\"title_grid_width\":\"1-2\",\"title_grid_breakpoint\":\"m\",\"meta_element\":\"div\",\"content_column_breakpoint\":\"m\",\"image_svg_color\":\"emphasis\"}}]}]}]}],\"version\":\"2.4.11\"} --><\/p>\n","protected":false},"excerpt":{"rendered":"<p>DER D\u00c9ZALEYL\u00c4SST SICH AUCH ZU FUSS GENIESSEN Hereinspaziert \u2026 durch die Pforten des D\u00e9zaley Die 5 Pforten als Eingang zum D\u00e9zaley Eine Wanderung durch die wundersch\u00f6nen Rebberge ist die beste Art, um sich von der Sch\u00f6nheit des D\u00e9zaley verzaubern zu lassen. Von 5 Metall-Pforten aus haben die Winzer dieses AOC Grand Cru-Gebietes einen Rundgang jaloniert, [&hellip;]<\/p>\n","protected":false},"author":1,"featured_media":0,"parent":0,"menu_order":0,"comment_status":"closed","ping_status":"closed","template":"","meta":[],"_links":{"self":[{"href":"https:\/\/www.dezaley.ch\/de\/wp-json\/wp\/v2\/pages\/948"}],"collection":[{"href":"https:\/\/www.dezaley.ch\/de\/wp-json\/wp\/v2\/pages"}],"about":[{"href":"https:\/\/www.dezaley.ch\/de\/wp-json\/wp\/v2\/types\/page"}],"author":[{"embeddable":true,"href":"https:\/\/www.dezaley.ch\/de\/wp-json\/wp\/v2\/users\/1"}],"replies":[{"embeddable":true,"href":"https:\/\/www.dezaley.ch\/de\/wp-json\/wp\/v2\/comments?post=948"}],"version-history":[{"count":5,"href":"https:\/\/www.dezaley.ch\/de\/wp-json\/wp\/v2\/pages\/948\/revisions"}],"predecessor-version":[{"id":1017,"href":"https:\/\/www.dezaley.ch\/de\/wp-json\/wp\/v2\/pages\/948\/revisions\/1017"}],"wp:attachment":[{"href":"https:\/\/www.dezaley.ch\/de\/wp-json\/wp\/v2\/media?parent=948"}],"curies":[{"name":"wp","href":"https:\/\/api.w.org\/{rel}","templated":true}]}}