{"id":1673,"date":"2025-08-13T09:44:16","date_gmt":"2025-08-13T09:44:16","guid":{"rendered":"https:\/\/www.dezaley.ch\/?page_id=1673"},"modified":"2025-11-04T20:41:48","modified_gmt":"2025-11-04T20:41:48","slug":"dimanche-en-dezaley","status":"publish","type":"page","link":"https:\/\/www.dezaley.ch\/fr\/dimanche-en-dezaley\/","title":{"rendered":"Dimanche en D\u00e9zaley"},"content":{"rendered":"<p><img src=\"\/wp-content\/uploads\/W9A5888-Edit.jpg\" alt=\"\"><br \/>\n<img src=\"\/wp-content\/uploads\/W9A6542.jpg\" alt=\"\"><br \/>\n<img src=\"\/wp-content\/uploads\/W9A5726.jpg\" alt=\"\"><\/p>\n<h3>\u00ab\u00a0Un Dimanche en D\u00e9zaley\u00a0\u00bb<br \/>L&rsquo;\u00e9v\u00e9nement annuel de <br \/>l&rsquo;Appellation D\u00e9zaley Grand Cru<\/h3>\n<div>\n<p class=\"p3\">Apr\u00e8s une premi\u00e8re \u00e9dition en 2024 couronn\u00e9e de succ\u00e8s avec plus de 1000 visiteurs, <b>\u00abUn Dimanche en D\u00e9zaley\u00bb <\/b>a du \u00eatre annul\u00e9 le 26 octobre 2025 en raison d&rsquo;une m\u00e9t\u00e9o tr\u00e8s d\u00e9favorable.<\/p>\n<p class=\"p3\">Organis\u00e9 par <b>l\u2019Appellation D\u00e9zaley Grand Cru, <\/b>cet \u00e9v\u00e9nement unique vous invite \u00e0 red\u00e9couvrir Lavaux \u00e0 travers une <b>promenade oeno-patrimoniale <\/b>d\u2019exception.<\/p>\n<p class=\"p2\">Parcourez pr\u00e8s de 2 km au coeur du D\u00e9zaley, entre le Chemin de la Dame et le village d\u2019\u00c9pesses, et laissez-vous guider par une signal\u00e9tique repens\u00e9e, des zones de repos accueillantes et une accessibilit\u00e9 am\u00e9lior\u00e9e. Installez-vous sur une chaise longue, contemplez la vue spectaculaire\u2026 et laissez les saveurs parler d\u2019elles-m\u00eames.<\/p>\n<p class=\"p3\">Les vigneronnes et vignerons du D\u00e9zaley sont au rendez-vous pour vous faire d\u00e9guster un de leurs crus soigneusement s\u00e9lectionn\u00e9, tous issus de l\u2019Appellation D\u00e9zaley Grand Cru.<\/p>\n<\/div>\n<h3>\n<p>Une participation symbolique<br \/>pour une qualit\u00e9 renforc\u00e9e<\/p>\n<\/h3>\n<div>\n<p>L\u2019entr\u00e9e est fix\u00e9e \u00e0 <strong>CHF 25.\u2013<\/strong>, un montant qui comprend :<\/p>\n<ul>\n<li><strong>Le verre de d\u00e9gustation offert<\/strong><\/li>\n<li><strong>10% de rabais sur toutes les commandes pass\u00e9es sur place<\/strong><\/li>\n<li><strong>La livraison gratuite en Suisse<\/strong><\/li>\n<\/ul>\n<ul><\/ul>\n<\/div>\n<h3>Entre culture, nature et terroir<\/h3>\n<div>\n<p>Au-del\u00e0 des d\u00e9gustations, vivez une <strong>journ\u00e9e riche de d\u00e9couvertes<\/strong> :<\/p>\n<ul>\n<li>Accompagnement par les guides du patrimoine<\/li>\n<li>Rencontre avec les vigneronnes et vignerons qui vous partagent leur passion et vous racontent leur travail<\/li>\n<li>Immersion dans un paysage viticole exceptionnel<\/li>\n<\/ul>\n<p>Le tout dans un esprit de <strong>partage, de transmission et d\u2019\u00e9merveillement<\/strong>.<\/p>\n<h3>Infos pratiques &amp; mobilit\u00e9 douce<\/h3>\n<p><strong>Les transports publics sont a privil\u00e9gier !<\/strong><\/p>\n<ul>\n<li>Des <strong>navettes en trains touristiques<\/strong> vous attendent aux gares de <strong>Cully<\/strong> et <strong>Chexbres<\/strong>, pour rejoindre confortablement le c\u0153ur de l\u2019\u00e9v\u00e9nement.<\/li>\n<li>Depuis les gares de <strong>Rivaz<\/strong> et <strong>\u00c9pesses<\/strong>, ce sont les <strong>guides du patrimoine<\/strong> qui vous accompagneront \u00e0 pied jusqu\u2019au site, pour une mise en bouche culturelle d\u00e8s votre arriv\u00e9e.<\/li>\n<\/ul>\n<p><strong>Vivez une exp\u00e9rience unique, au rythme du D\u00e9zaley.<\/strong><br \/><strong><\/strong><\/p>\n<p><strong>Une nouvelle date sera bient\u00f4t annonc\u00e9e, restez connect\u00e9 !<\/strong><\/p>\n<\/div>\n<p><!--more--><br \/>\n<!-- {\"type\":\"layout\",\"children\":[{\"name\":\"hero-temp-2\",\"type\":\"section\",\"props\":{\"width\":\"large\",\"padding\":\"large\",\"style\":\"default\",\"text_color\":\"light\",\"media\":\"images\\\/home-header.jpg\",\"height_viewport\":true,\"header_overlay\":\"light\",\"image\":\"wp-content\\\/uploads\\\/W9A6298.jpg\",\"media_advanced\":true,\"image_size\":\"cover\",\"media_background\":\"#1e3040\",\"media_overlay\":null,\"height\":\"percent\",\"animation\":\"slide-top\",\"image_position\":\"bottom-center\",\"image_fixed\":false,\"class\":\"\",\"overlap\":true,\"vertical_align\":\"middle\",\"title_position\":\"top-left\",\"title_rotation\":\"left\",\"title_breakpoint\":\"xl\",\"image_width\":\"1920\"},\"children\":[{\"name\":\"\",\"type\":\"row\",\"props\":{\"class\":\"\"},\"children\":[{\"name\":\"\",\"type\":\"column\",\"props\":{\"image_position\":\"center-center\",\"width_medium\":\"1-1\",\"position_sticky_breakpoint\":\"m\",\"media_overlay_gradient\":\"\"}}]}]},{\"name\":\"zone-image-texte-side-2\",\"type\":\"section\",\"props\":{\"width\":\"large\",\"padding\":\"large\",\"style\":\"default\",\"media\":\"\",\"height_viewport\":false,\"header_overlay\":\"light\",\"animation\":\"slide-top-medium\",\"padding_remove_top\":false,\"image_size\":\"cover\",\"image\":\"\",\"image_position\":\"bottom-center\",\"image_fixed\":false,\"class\":\"\",\"media_overlay\":\"rgba(255, 255, 255, 0.88)\",\"overlap\":false,\"vertical_align\":\"middle\",\"title_position\":\"top-left\",\"title_rotation\":\"left\",\"title_breakpoint\":\"xl\"},\"children\":[{\"name\":\"\",\"type\":\"row\",\"props\":{\"layout\":\"1-2,1-2\"},\"children\":[{\"name\":\"\",\"type\":\"column\",\"props\":{\"image_position\":\"center-center\",\"width_medium\":\"1-2\",\"position_sticky_breakpoint\":\"m\",\"media_overlay_gradient\":\"\"},\"children\":[{\"name\":\"\",\"type\":\"image\",\"props\":{\"margin\":\"default\",\"image\":\"wp-content\\\/uploads\\\/W9A5888-Edit.jpg\",\"image_svg_color\":\"emphasis\"}},{\"name\":\"\",\"type\":\"image\",\"props\":{\"margin\":\"default\",\"image\":\"wp-content\\\/uploads\\\/W9A6542.jpg\",\"image_svg_color\":\"emphasis\"}},{\"name\":\"\",\"type\":\"image\",\"props\":{\"margin\":\"default\",\"image\":\"wp-content\\\/uploads\\\/W9A5726.jpg\",\"image_svg_color\":\"emphasis\"}}]},{\"name\":\"\",\"type\":\"column\",\"props\":{\"image_position\":\"center-center\",\"width_medium\":\"1-2\",\"position_sticky_breakpoint\":\"m\",\"media_overlay_gradient\":\"\"},\"children\":[{\"name\":\"\",\"type\":\"headline\",\"props\":{\"title_element\":\"h3\",\"title_style\":\"h3\",\"content\":\"\\\"Un Dimanche en D\\u00e9zaley\\\"<br \\\/>L'\\u00e9v\\u00e9nement annuel de <br \\\/>l'Appellation D\\u00e9zaley Grand Cru\",\"css\":\".el-element {font-size:18pt}\\n.el-element {margin-bottom:0 !important:padding-bottom:0 !important}\"}},{\"name\":\"\",\"type\":\"text\",\"props\":{\"margin\":\"default\",\"column_breakpoint\":\"m\",\"content\":\"\n\n<p class=\\\"p3\\\">Apr\\u00e8s une premi\\u00e8re \\u00e9dition en 2024 couronn\\u00e9e de succ\\u00e8s avec plus de 1000 visiteurs, <b>\\u00abUn Dimanche en D\\u00e9zaley\\u00bb <\\\/b>a du \\u00eatre annul\\u00e9 le 26 octobre 2025 en raison d'une m\\u00e9t\\u00e9o tr\\u00e8s d\\u00e9favorable.<\\\/p>\\n\n\n<p class=\\\"p3\\\">Organis\\u00e9 par <b>l\\u2019Appellation D\\u00e9zaley Grand Cru, <\\\/b>cet \\u00e9v\\u00e9nement unique vous invite \\u00e0 red\\u00e9couvrir Lavaux \\u00e0 travers une <b>promenade oeno-patrimoniale <\\\/b>d\\u2019exception.<\\\/p>\\n\n\n<p class=\\\"p2\\\">Parcourez pr\\u00e8s de 2 km au coeur du D\\u00e9zaley, entre le Chemin de la Dame et le village d\\u2019\\u00c9pesses, et laissez-vous guider par une signal\\u00e9tique repens\\u00e9e, des zones de repos accueillantes et une accessibilit\\u00e9 am\\u00e9lior\\u00e9e. Installez-vous sur une chaise longue, contemplez la vue spectaculaire\\u2026 et laissez les saveurs parler d\\u2019elles-m\\u00eames.<\\\/p>\\n\n\n<p class=\\\"p3\\\">Les vigneronnes et vignerons du D\\u00e9zaley sont au rendez-vous pour vous faire d\\u00e9guster un de leurs crus soigneusement s\\u00e9lectionn\\u00e9, tous issus de l\\u2019Appellation D\\u00e9zaley Grand Cru.<\\\/p>\",\"css\":\".el-element {margin-bottom:2px !important;padding-bottom:0 !important;font-size:10pt}\"}},{\"name\":\"\",\"type\":\"headline\",\"props\":{\"title_element\":\"h3\",\"title_style\":\"h3\",\"content\":\"\n\n<p>Une participation symbolique<br \\\/>pour une qualit\\u00e9 renforc\\u00e9e<\\\/p>\",\"css\":\".el-element {font-size:18pt}\\n.el-element {margin-bottom:0 !important:padding-bottom:0 !important}\"}},{\"name\":\"\",\"type\":\"text\",\"props\":{\"margin\":\"default\",\"column_breakpoint\":\"m\",\"css\":\".el-element p {margin:0;padding:0}\\n.el-element hr {margin:3px}\",\"content\":\"\n\n<p>L\\u2019entr\\u00e9e est fix\\u00e9e \\u00e0 <strong>CHF 25.\\u2013<\\\/strong>, un montant qui comprend :<\\\/p>\\n\n\n<ul>\\n\n\n<li><strong>Le verre de d\\u00e9gustation offert<\\\/strong><\\\/li>\\n\n\n<li><strong>10% de rabais sur toutes les commandes pass\\u00e9es sur place<\\\/strong><\\\/li>\\n\n\n<li><strong>La livraison gratuite en Suisse<\\\/strong><\\\/li>\\n<\\\/ul>\\n\n\n<ul><\\\/ul>\"}},{\"name\":\"\",\"type\":\"headline\",\"props\":{\"title_element\":\"h3\",\"title_style\":\"h3\",\"content\":\"Entre culture, nature et terroir\",\"css\":\".el-element {font-size:18pt}\\n.el-element {margin-bottom:0 !important:padding-bottom:0 !important}\"}},{\"name\":\"\",\"type\":\"text\",\"props\":{\"margin\":\"default\",\"column_breakpoint\":\"m\",\"content\":\"\n\n<p>Au-del\\u00e0 des d\\u00e9gustations, vivez une <strong>journ\\u00e9e riche de d\\u00e9couvertes<\\\/strong> :<\\\/p>\\n\n\n<ul>\\n\n\n<li>Accompagnement par les guides du patrimoine<\\\/li>\\n\n\n<li>Rencontre avec les vigneronnes et vignerons qui vous partagent leur passion et vous racontent leur travail<\\\/li>\\n\n\n<li>Immersion dans un paysage viticole exceptionnel<\\\/li>\\n<\\\/ul>\\n\n\n<p>Le tout dans un esprit de <strong>partage, de transmission et d\\u2019\\u00e9merveillement<\\\/strong>.<\\\/p>\\n\n\n<h3>Infos pratiques &amp; mobilit\\u00e9 douce<\\\/h3>\\n\n\n<p><strong>Les transports publics sont a privil\\u00e9gier !<\\\/strong><\\\/p>\\n\n\n<ul>\\n\n\n<li>Des <strong>navettes en trains touristiques<\\\/strong> vous attendent aux gares de <strong>Cully<\\\/strong> et <strong>Chexbres<\\\/strong>, pour rejoindre confortablement le c\\u0153ur de l\\u2019\\u00e9v\\u00e9nement.<\\\/li>\\n\n\n<li>Depuis les gares de <strong>Rivaz<\\\/strong> et <strong>\\u00c9pesses<\\\/strong>, ce sont les <strong>guides du patrimoine<\\\/strong> qui vous accompagneront \\u00e0 pied jusqu\\u2019au site, pour une mise en bouche culturelle d\\u00e8s votre arriv\\u00e9e.<\\\/li>\\n<\\\/ul>\\n\n\n<p><strong>Vivez une exp\\u00e9rience unique, au rythme du D\\u00e9zaley.<\\\/strong><br \\\/><strong><\\\/strong><\\\/p>\\n\n\n<p><strong>Une nouvelle date sera bient\\u00f4t annonc\\u00e9e, restez connect\\u00e9 !<\\\/strong><\\\/p>\",\"css\":\".el-element {margin-bottom:2px !important;padding-bottom:0 !important;font-size:10pt}\"}}]}]}]}],\"version\":\"2.7.22\"} --><\/p>\n","protected":false},"excerpt":{"rendered":"<p>\u00ab\u00a0Un Dimanche en D\u00e9zaley\u00a0\u00bbL&rsquo;\u00e9v\u00e9nement annuel de l&rsquo;Appellation D\u00e9zaley Grand Cru Apr\u00e8s une premi\u00e8re \u00e9dition en 2024 couronn\u00e9e de succ\u00e8s avec plus de 1000 visiteurs, \u00abUn Dimanche en D\u00e9zaley\u00bb a du \u00eatre annul\u00e9 le 26 octobre 2025 en raison d&rsquo;une m\u00e9t\u00e9o tr\u00e8s d\u00e9favorable. Organis\u00e9 par l\u2019Appellation D\u00e9zaley Grand Cru, cet \u00e9v\u00e9nement unique vous invite \u00e0 red\u00e9couvrir [&hellip;]<\/p>\n","protected":false},"author":1,"featured_media":0,"parent":0,"menu_order":0,"comment_status":"closed","ping_status":"closed","template":"","meta":[],"_links":{"self":[{"href":"https:\/\/www.dezaley.ch\/fr\/wp-json\/wp\/v2\/pages\/1673"}],"collection":[{"href":"https:\/\/www.dezaley.ch\/fr\/wp-json\/wp\/v2\/pages"}],"about":[{"href":"https:\/\/www.dezaley.ch\/fr\/wp-json\/wp\/v2\/types\/page"}],"author":[{"embeddable":true,"href":"https:\/\/www.dezaley.ch\/fr\/wp-json\/wp\/v2\/users\/1"}],"replies":[{"embeddable":true,"href":"https:\/\/www.dezaley.ch\/fr\/wp-json\/wp\/v2\/comments?post=1673"}],"version-history":[{"count":14,"href":"https:\/\/www.dezaley.ch\/fr\/wp-json\/wp\/v2\/pages\/1673\/revisions"}],"predecessor-version":[{"id":1731,"href":"https:\/\/www.dezaley.ch\/fr\/wp-json\/wp\/v2\/pages\/1673\/revisions\/1731"}],"wp:attachment":[{"href":"https:\/\/www.dezaley.ch\/fr\/wp-json\/wp\/v2\/media?parent=1673"}],"curies":[{"name":"wp","href":"https:\/\/api.w.org\/{rel}","templated":true}]}}