{"id":19,"date":"2013-11-16T00:00:00","date_gmt":"2013-11-16T00:00:00","guid":{"rendered":"http:\/\/localhost\/yootheme_pro\/2017\/Fjord\/Website_WP\/index.php\/home\/"},"modified":"2025-11-04T20:30:38","modified_gmt":"2025-11-04T20:30:38","slug":"home","status":"publish","type":"page","link":"https:\/\/www.dezaley.ch\/fr\/","title":{"rendered":"Accueil"},"content":{"rendered":"<div>\n<p>Grand Cru par nature<\/p>\n<\/div>\n<div>\n<p>Bienvenue sur le site des producteurs de D\u00e9zaley Grand Cru<\/p>\n<\/div>\n<p>\n    <a href=\"https:\/\/www.dezaley.ch\/fr\/dimanche-en-dezaley\/\">Un Dimanche en D\u00e9zaley <\/a>\n<\/p>\n<ul>\n<li>\n<p>        <img src=\"\/wp-content\/uploads\/Dezaley_walk2-scaled.jpg\" alt=\"\"><\/p>\n<h2>Un vignoble embl\u00e9matique<\/h2>\n<div>\n<p>Au c\u0153ur du vignoble en terrasses de Lavaux, inscrit au Patrimoine mondial de l\u2019UNESCO depuis 2007,\u00a0 le D\u00e9zaley impressionne autant par sa pente abrupte que par ses innombrables murs qui sillonnent son coteau et s&#8217;empilent ind\u00e9finiment jusqu&rsquo;au ciel. Le Chasselas est le c\u00e9page roi et trouve dans ce terroir sa plus haute expression.<\/p>\n<\/div>\n<\/li>\n<li>\n<p>        <img src=\"\/wp-content\/uploads\/Dezaley_walk2-scaled.jpg\" alt=\"\"><\/p>\n<h2>De grands vins qui se bonifient avec le temps<\/h2>\n<div>\n<p>Le vin de ce Grand cru pr\u00e9sente des caract\u00e8res br\u00fbl\u00e9s, fum\u00e9s, ainsi que des ar\u00f4mes d&rsquo;amandes, de miel et de caramel o\u00f9 percent des senteurs de fleurs et de fruits. Outre son sol argilo-calcaire, il doit son potentiel aromatique tant \u00e0 l&rsquo;inclinaison de son coteau qu&rsquo;au lac et aux murs de sout\u00e8nement de ses chailles qui amplifie les effets du soleil, ce qui permet au chasselas de trouver au D\u00e9zaley les conditions optimales pour fournir un grand vin ample, charpent\u00e9, g\u00e9n\u00e9reux et apte au vieillissement.<\/p>\n<\/div>\n<\/li>\n<li>\n<p>        <img src=\"\/wp-content\/uploads\/Dezaley_walk2-scaled.jpg\" alt=\"\"><\/p>\n<h2>Grand cru par nature<\/h2>\n<div>\n<p>Le 21 mars 2013, le Gouvernement vaudois a d\u00e9cid\u00e9 de r\u00e9pondre favorablement \u00e0 la demande de la Commission interprofessionnelle du vin vaudois de conf\u00e9rer aux zones viticoles du D\u00e9zaley et du Calamin l&rsquo;appellation d&rsquo;origine contr\u00f4l\u00e9e (AOC Grand Cru). La situation particuli\u00e8re des zones viticoles du D\u00e9zaley et du Calamin est historiquement av\u00e9r\u00e9e et a \u00e9t\u00e9 ancr\u00e9e dans la r\u00e9glementation vaudoise d\u00e8s 1949.<\/p>\n<\/div>\n<\/li>\n<\/ul>\n<ul>\n<li>\n<p>        <img src=\"\/wp-content\/uploads\/bg_slide1.jpg\" alt=\"\"><\/p>\n<\/li>\n<li>\n<p>        <img src=\"\/wp-content\/uploads\/bg_slide2.jpg\" alt=\"\"><\/p>\n<\/li>\n<li>\n<p>        <img src=\"\/wp-content\/uploads\/bg_slide3.jpg\" alt=\"\"><\/p>\n<\/li>\n<\/ul>\n<h2>Les plus beaux secrets du D\u00e9zaley<\/h2>\n<ul>\n<li>\n<p>        <img src=\"\/wp-content\/uploads\/blog_coulisses_2.jpg\" alt=\"\"><\/p>\n<h3>Histoire d&rsquo;eaux<\/h3>\n<p>Les coulisses<\/p>\n<p><a href=\"\/histoire-deaux\/\"><\/a><\/p>\n<\/li>\n<li>\n<p>        <img src=\"\/wp-content\/uploads\/blog_tourmarsens.jpg\" alt=\"\"><\/p>\n<h3>Un vignoble lou\u00e9 par Napol\u00e9on<\/h3>\n<p>La valeur du travail du vigneron<\/p>\n<p><a href=\"\/un-vignoble-loue-par-napoleon\/\"><\/a><\/p>\n<\/li>\n<\/ul>\n<ul>\n<li>\n<p>        <img src=\"\/wp-content\/uploads\/blog_monorail.jpg\" alt=\"\"><\/p>\n<h3>Un coteau sculpt\u00e9 par les hommes<\/h3>\n<p>Le Vignoble<\/p>\n<p><a href=\"\/un-coteau-sculpte-par-les-hommes\/\"><\/a><\/p>\n<\/li>\n<li>\n<p>        <img src=\"\/wp-content\/uploads\/blog_capites.jpg\" alt=\"\"><\/p>\n<h3>Les capites<\/h3>\n<p>Refuge&#8230;<\/p>\n<p><a href=\"\/les-capites\/\"><\/a><\/p>\n<\/li>\n<\/ul>\n<ul>\n<li>\n<p>        <img src=\"\/wp-content\/uploads\/tracasset.jpg\" alt=\"\"><\/p>\n<h3>Le championnat du monde des tracassets<\/h3>\n<p>Chemins pentus<\/p>\n<p><a href=\"\/le-championnat-du-monde-des-tracassets\/\"><\/a><\/p>\n<\/li>\n<li>\n<p>        <img src=\"\/wp-content\/uploads\/blog_croixnotredame.jpg\" alt=\"\"><\/p>\n<h3>La croix de notre dame<\/h3>\n<p>Un lieu de recueillement<\/p>\n<p><a href=\"\/la-croix-de-notre-dame\/\"><\/a><\/p>\n<\/li>\n<\/ul>\n<p><!--more--><br \/>\n<!-- {\"name\":\"Home\",\"type\":\"layout\",\"children\":[{\"name\":\"Hero\",\"type\":\"section\",\"props\":{\"width\":\"\",\"padding\":\"large\",\"style\":\"secondary\",\"media\":\"images\\\/home-header.jpg\",\"height_viewport\":true,\"header_overlay\":\"light\",\"image\":\"wp-content\\\/uploads\\\/atraversletemps-1.jpg\",\"media_advanced\":true,\"image_size\":\"cover\",\"media_background\":null,\"media_overlay\":null,\"height\":\"full\",\"animation\":\"slide-top\",\"header_transparent\":\"light\",\"image_position\":\"bottom-center\",\"image_fixed\":false,\"class\":\"\",\"overlap\":true,\"css\":\"\\\/*.uk-grid {\\n    background: url(wp-content\\\/uploads\\\/home-header-splash.png) 50% 50% no-repeat;\\n    background-size: contain;\\n    padding: 135px 0;\\n}*\\\/\\n.uk-grid {\\n    float:right;\\n    background-color: rgba(33,33,33,.7);\\n    background-size: contain;\\n    padding: 75px;\\n    }\",\"vertical_align\":\"bottom\",\"title_position\":\"top-left\",\"title_rotation\":\"left\",\"title_breakpoint\":\"xl\",\"image_width\":\"1920\",\"header_transparent_noplaceholder\":false},\"children\":[{\"name\":\"\",\"type\":\"row\",\"props\":{\"class\":\"\"},\"children\":[{\"name\":\"\",\"type\":\"column\",\"props\":{\"image_position\":\"center-center\",\"width_medium\":\"1-1\",\"media_overlay_gradient\":\"\",\"position_sticky_breakpoint\":\"m\"},\"children\":[{\"name\":\"\",\"type\":\"headline\",\"props\":{\"title_element\":\"div\",\"title_style\":\"h1\",\"css\":\".el-element {text-transform:uppercase;font-weight:bold;letter-spacing:3px}\",\"content\":\"\n\n<p>Grand Cru par nature<\\\/p>\"}},{\"name\":\"\",\"type\":\"text\",\"props\":{\"column_breakpoint\":\"m\",\"margin\":\"small\",\"content\":\"\n\n<p>Bienvenue sur le site des producteurs de D\\u00e9zaley Grand Cru<\\\/p>\",\"text_style\":\"lead\",\"animation\":\"slide-bottom\",\"css\":\".el-element {font-size:14pt}\"}},{\"type\":\"button\",\"props\":{\"grid_column_gap\":\"small\",\"grid_row_gap\":\"small\",\"margin\":\"default\",\"button_size\":\"large\"},\"children\":[{\"type\":\"button_item\",\"props\":{\"button_style\":\"primary\",\"icon_align\":\"left\",\"content\":\"Un Dimanche en D\\u00e9zaley \",\"link\":\"https:\\\/\\\/www.dezaley.ch\\\/fr\\\/dimanche-en-dezaley\\\/\"}}]}]}]}]},{\"name\":\"Featured destination\",\"type\":\"section\",\"props\":{\"width\":\"large\",\"padding\":\"large\",\"style\":\"default\",\"media\":\"\",\"height_viewport\":false,\"header_overlay\":\"light\",\"animation\":\"slide-top-medium\",\"padding_remove_top\":false,\"image_size\":\"cover\",\"image\":\"\",\"image_position\":\"bottom-center\",\"image_fixed\":false,\"class\":\"\",\"overlap\":true,\"vertical_align\":\"middle\",\"title_position\":\"top-left\",\"title_rotation\":\"left\",\"title_breakpoint\":\"xl\",\"image_width\":\"1920\"},\"children\":[{\"name\":\"\",\"type\":\"row\",\"props\":{\"layout\":\"1-2,1-2\",\"vertical_align\":true,\"margin\":\"large\",\"column_gap\":\"large\",\"row_gap\":\"large\",\"divider\":false},\"children\":[{\"name\":\"\",\"type\":\"column\",\"props\":{\"image_position\":\"center-center\",\"width_medium\":\"1-2\",\"media_overlay_gradient\":\"\",\"position_sticky_breakpoint\":\"m\"},\"children\":[{\"name\":\"\",\"type\":\"slideshow\",\"props\":{\"show_title\":true,\"show_meta\":true,\"show_content\":true,\"show_link\":false,\"show_thumbnail\":false,\"slideshow_min_height\":300,\"slideshow_autoplay_pause\":false,\"nav\":\"\",\"nav_position\":\"bottom-center\",\"nav_position_margin\":\"medium\",\"nav_align\":\"center\",\"nav_breakpoint\":\"s\",\"thumbnav_width\":\"100\",\"thumbnav_height\":\"75\",\"slidenav\":\"\",\"slidenav_margin\":\"medium\",\"slidenav_breakpoint\":\"s\",\"slidenav_outside_breakpoint\":\"xl\",\"overlay_position\":\"top-center\",\"overlay_animation\":\"parallax\",\"title_element\":\"h2\",\"meta_style\":\"\",\"meta_align\":\"below-title\",\"link_text\":\"Read more\",\"link_style\":\"default\",\"margin\":\"default\",\"slideshow_height\":\"\",\"slideshow_box_shadow\":\"\",\"slideshow_animation\":\"\",\"slideshow_kenburns\":\"\",\"nav_color\":\"\",\"slidenav_outside_color\":\"\",\"overlay_container\":\"\",\"overlay_container_padding\":\"\",\"overlay_width\":\"\",\"title_style\":\"h1\",\"css\":\".el-title {}\\n.el-meta{color:#ff4870;font-size:20px}\\n.el-image {display:none}\",\"slideshow_autoplay\":true,\"thumbnav_svg_color\":\"emphasis\",\"meta_element\":\"div\",\"slideshow_box_decoration\":\"\",\"status\":\"\"},\"children\":[{\"name\":\"\",\"type\":\"slideshow_item\",\"props\":{\"title\":\"Un vignoble embl\\u00e9matique\",\"meta\":\"\",\"content\":\"\n\n<p>Au c\\u0153ur du vignoble en terrasses de Lavaux, inscrit au Patrimoine mondial de l\\u2019UNESCO depuis 2007,\\u00a0 le D\\u00e9zaley impressionne autant par sa pente abrupte que par ses innombrables murs qui sillonnent son coteau et s'empilent ind\\u00e9finiment jusqu'au ciel. Le Chasselas est le c\\u00e9page roi et trouve dans ce terroir sa plus haute expression.<\\\/p>\",\"image\":\"wp-content\\\/uploads\\\/Dezaley_walk2-scaled.jpg\"}},{\"name\":\"\",\"type\":\"slideshow_item\",\"props\":{\"title\":\"De grands vins qui se bonifient avec le temps\",\"meta\":\"\",\"content\":\"\n\n<p>Le vin de ce Grand cru pr\\u00e9sente des caract\\u00e8res br\\u00fbl\\u00e9s, fum\\u00e9s, ainsi que des ar\\u00f4mes d'amandes, de miel et de caramel o\\u00f9 percent des senteurs de fleurs et de fruits. Outre son sol argilo-calcaire, il doit son potentiel aromatique tant \\u00e0 l'inclinaison de son coteau qu'au lac et aux murs de sout\\u00e8nement de ses chailles qui amplifie les effets du soleil, ce qui permet au chasselas de trouver au D\\u00e9zaley les conditions optimales pour fournir un grand vin ample, charpent\\u00e9, g\\u00e9n\\u00e9reux et apte au vieillissement.<\\\/p>\",\"image\":\"wp-content\\\/uploads\\\/Dezaley_walk2-scaled.jpg\"}},{\"name\":\"\",\"type\":\"slideshow_item\",\"props\":{\"title\":\"Grand cru par nature\",\"meta\":\"\",\"content\":\"\n\n<p>Le 21 mars 2013, le Gouvernement vaudois a d\\u00e9cid\\u00e9 de r\\u00e9pondre favorablement \\u00e0 la demande de la Commission interprofessionnelle du vin vaudois de conf\\u00e9rer aux zones viticoles du D\\u00e9zaley et du Calamin l'appellation d'origine contr\\u00f4l\\u00e9e (AOC Grand Cru). La situation particuli\\u00e8re des zones viticoles du D\\u00e9zaley et du Calamin est historiquement av\\u00e9r\\u00e9e et a \\u00e9t\\u00e9 ancr\\u00e9e dans la r\\u00e9glementation vaudoise d\\u00e8s 1949.<\\\/p>\",\"image\":\"wp-content\\\/uploads\\\/Dezaley_walk2-scaled.jpg\"}}]}]},{\"name\":\"\",\"type\":\"column\",\"props\":{\"image_position\":\"center-center\",\"width_medium\":\"1-2\",\"media_overlay_gradient\":\"\",\"position_sticky_breakpoint\":\"m\"},\"children\":[{\"name\":\"\",\"type\":\"slideshow\",\"props\":{\"show_title\":true,\"show_meta\":true,\"show_content\":true,\"show_link\":true,\"show_thumbnail\":true,\"slideshow_min_height\":\"410\",\"slideshow_autoplay_pause\":true,\"nav\":\"\",\"nav_position\":\"bottom-center\",\"nav_position_margin\":\"medium\",\"nav_align\":\"center\",\"nav_breakpoint\":\"s\",\"thumbnav_width\":\"100\",\"thumbnav_height\":\"75\",\"slidenav\":\"\",\"slidenav_margin\":\"medium\",\"slidenav_breakpoint\":\"s\",\"overlay_position\":\"center-left\",\"overlay_animation\":\"parallax\",\"title_element\":\"h3\",\"meta_style\":\"meta\",\"meta_align\":\"below-title\",\"link_text\":\"Read more\",\"link_style\":\"default\",\"margin\":\"default\",\"text_color\":\"light\",\"slidenav_outside_breakpoint\":\"xl\",\"image_width\":\"920\",\"slideshow_height\":\"\",\"slideshow_box_shadow\":\"\",\"slideshow_animation\":\"\",\"slideshow_kenburns\":\"alternate\",\"nav_color\":\"\",\"slidenav_outside_color\":\"\",\"overlay_container\":\"\",\"overlay_container_padding\":\"\",\"overlay_width\":\"\",\"slideshow_autoplay\":true,\"thumbnav_svg_color\":\"emphasis\",\"meta_element\":\"div\"},\"children\":[{\"name\":\"\",\"type\":\"slideshow_item\",\"props\":{\"image\":\"wp-content\\\/uploads\\\/bg_slide1.jpg\"}},{\"name\":\"\",\"type\":\"slideshow_item\",\"props\":{\"image\":\"wp-content\\\/uploads\\\/bg_slide2.jpg\"}},{\"name\":\"\",\"type\":\"slideshow_item\",\"props\":{\"image\":\"wp-content\\\/uploads\\\/bg_slide3.jpg\"}}]}]}]},{\"name\":\"\",\"type\":\"row\",\"children\":[{\"name\":\"\",\"type\":\"column\",\"props\":{\"image_position\":\"center-center\",\"width_medium\":\"1-1\",\"media_overlay_gradient\":\"\",\"position_sticky_breakpoint\":\"m\"},\"children\":[]}]}]},{\"name\":\"Latest places\",\"type\":\"section\",\"props\":{\"width\":\"large\",\"padding\":\"large\",\"style\":\"muted\",\"media\":\"\",\"height_viewport\":false,\"header_overlay\":\"light\",\"animation\":\"fade\",\"padding_remove_top\":false,\"image_size\":\"cover\",\"class\":\"\",\"overlap\":true,\"image_position\":\"center-center\",\"vertical_align\":\"middle\",\"title_position\":\"top-left\",\"title_rotation\":\"left\",\"title_breakpoint\":\"xl\"},\"children\":[{\"name\":\"\",\"type\":\"row\",\"props\":{\"vertical_align\":true,\"column_gap\":\"medium\",\"row_gap\":\"medium\"},\"children\":[{\"name\":\"\",\"type\":\"column\",\"props\":{\"image_position\":\"center-center\",\"width_medium\":\"1-1\",\"media_overlay_gradient\":\"\",\"position_sticky_breakpoint\":\"m\"},\"children\":[{\"name\":\"\",\"type\":\"headline\",\"props\":{\"title_element\":\"h2\",\"content\":\"Les plus beaux secrets du D\\u00e9zaley\",\"text_align\":\"center\",\"text_align_fallback\":\"center\",\"title_style\":\"h5\",\"block_align\":\"center\"}},{\"name\":\"\",\"type\":\"divider\",\"props\":{\"divider_element\":\"div\",\"divider_style\":\"icon\",\"divider_align\":\"center\",\"divider_align_breakpoint\":\"\",\"divider_align_fallback\":\"\",\"maxwidth\":\"medium\",\"block_align\":\"center\"}}]}]},{\"name\":\"\",\"type\":\"row\",\"props\":{\"layout\":\"1-3,1-3,1-3\",\"column_gap\":\"large\",\"row_gap\":\"large\"},\"children\":[{\"name\":\"\",\"type\":\"column\",\"props\":{\"image_position\":\"center-center\",\"width_medium\":\"1-3\",\"media_overlay_gradient\":\"\",\"position_sticky_breakpoint\":\"m\"},\"children\":[{\"name\":\"\",\"type\":\"grid\",\"props\":{\"show_title\":true,\"show_meta\":true,\"show_content\":true,\"show_image\":true,\"show_link\":true,\"grid_default\":\"1\",\"grid_medium\":\"\",\"title_element\":\"h3\",\"meta_style\":\"meta\",\"meta_align\":\"below-title\",\"image_align\":\"left\",\"image_grid_width\":\"1-3\",\"link_text\":\"\",\"link_style\":\"default\",\"margin\":\"default\",\"title_style\":\"h5\",\"meta_margin\":\"small\",\"image_border\":\"rounded\",\"image_vertical_align\":true,\"image_width\":\"920\",\"panel_style\":\"card-hover\",\"item_animation\":true,\"grid_column_gap\":\"small\",\"grid_row_gap\":\"small\",\"grid_divider\":true,\"image_grid_column_gap\":\"medium\",\"image_grid_row_gap\":\"medium\",\"image_grid_breakpoint\":\"m\",\"panel_link\":true,\"icon_width\":80,\"filter_style\":\"tab\",\"filter_all\":true,\"filter_position\":\"top\",\"filter_align\":\"left\",\"filter_grid_width\":\"auto\",\"filter_grid_breakpoint\":\"m\",\"title_hover_style\":\"reset\",\"title_align\":\"top\",\"title_grid_width\":\"1-2\",\"title_grid_breakpoint\":\"m\",\"meta_element\":\"div\",\"content_column_breakpoint\":\"m\",\"image_svg_color\":\"emphasis\",\"panel_padding\":\"small\"},\"children\":[{\"name\":\"\",\"type\":\"grid_item\",\"props\":{\"title\":\"Histoire d'eaux\",\"meta\":\"Les coulisses\",\"image\":\"wp-content\\\/uploads\\\/blog_coulisses_2.jpg\",\"link\":\"histoire-deaux\\\/\"}},{\"name\":\"\",\"type\":\"grid_item\",\"props\":{\"title\":\"Un vignoble lou\\u00e9 par Napol\\u00e9on\",\"meta\":\"La valeur du travail du vigneron\",\"image\":\"wp-content\\\/uploads\\\/blog_tourmarsens.jpg\",\"link\":\"un-vignoble-loue-par-napoleon\\\/\"}}]}]},{\"name\":\"\",\"type\":\"column\",\"props\":{\"image_position\":\"center-center\",\"width_medium\":\"1-3\",\"media_overlay_gradient\":\"\",\"position_sticky_breakpoint\":\"m\"},\"children\":[{\"name\":\"\",\"type\":\"grid\",\"props\":{\"show_title\":true,\"show_meta\":true,\"show_content\":true,\"show_image\":true,\"show_link\":true,\"grid_default\":\"1\",\"grid_medium\":\"\",\"title_element\":\"h3\",\"meta_style\":\"meta\",\"meta_align\":\"below-title\",\"image_align\":\"left\",\"image_grid_width\":\"1-3\",\"link_text\":\"\",\"link_style\":\"default\",\"margin\":\"default\",\"title_style\":\"h5\",\"meta_margin\":\"small\",\"image_border\":\"rounded\",\"image_vertical_align\":true,\"image_width\":\"920\",\"panel_style\":\"card-hover\",\"item_animation\":true,\"grid_column_gap\":\"small\",\"grid_row_gap\":\"small\",\"grid_divider\":true,\"image_grid_column_gap\":\"medium\",\"image_grid_row_gap\":\"medium\",\"image_grid_breakpoint\":\"m\",\"panel_link\":true,\"icon_width\":80,\"filter_style\":\"tab\",\"filter_all\":true,\"filter_position\":\"top\",\"filter_align\":\"left\",\"filter_grid_width\":\"auto\",\"filter_grid_breakpoint\":\"m\",\"title_hover_style\":\"reset\",\"title_align\":\"top\",\"title_grid_width\":\"1-2\",\"title_grid_breakpoint\":\"m\",\"meta_element\":\"div\",\"content_column_breakpoint\":\"m\",\"image_svg_color\":\"emphasis\",\"panel_padding\":\"small\"},\"children\":[{\"name\":\"\",\"type\":\"grid_item\",\"props\":{\"title\":\"Un coteau sculpt\\u00e9 par les hommes\",\"meta\":\"Le Vignoble\",\"image\":\"wp-content\\\/uploads\\\/blog_monorail.jpg\",\"link\":\"un-coteau-sculpte-par-les-hommes\\\/\"}},{\"name\":\"\",\"type\":\"grid_item\",\"props\":{\"title\":\"Les capites\",\"meta\":\"Refuge...\",\"image\":\"wp-content\\\/uploads\\\/blog_capites.jpg\",\"link\":\"les-capites\\\/\"}}]}]},{\"name\":\"\",\"type\":\"column\",\"props\":{\"image_position\":\"center-center\",\"width_medium\":\"1-3\",\"media_overlay_gradient\":\"\",\"position_sticky_breakpoint\":\"m\"},\"children\":[{\"name\":\"\",\"type\":\"grid\",\"props\":{\"show_title\":true,\"show_meta\":true,\"show_content\":true,\"show_image\":true,\"show_link\":true,\"grid_default\":\"1\",\"grid_medium\":\"\",\"title_element\":\"h3\",\"meta_style\":\"meta\",\"meta_align\":\"below-title\",\"image_align\":\"left\",\"image_grid_width\":\"1-3\",\"link_text\":\"\",\"link_style\":\"default\",\"margin\":\"default\",\"title_style\":\"h5\",\"meta_margin\":\"small\",\"image_border\":\"rounded\",\"image_vertical_align\":true,\"image_width\":\"920\",\"panel_style\":\"card-hover\",\"item_animation\":true,\"lightbox\":false,\"grid_column_gap\":\"small\",\"grid_row_gap\":\"small\",\"grid_divider\":true,\"image_grid_column_gap\":\"medium\",\"image_grid_row_gap\":\"medium\",\"image_grid_breakpoint\":\"m\",\"panel_link\":true,\"icon_width\":80,\"filter_style\":\"tab\",\"filter_all\":true,\"filter_position\":\"top\",\"filter_align\":\"left\",\"filter_grid_width\":\"auto\",\"filter_grid_breakpoint\":\"m\",\"title_hover_style\":\"reset\",\"title_align\":\"top\",\"title_grid_width\":\"1-2\",\"title_grid_breakpoint\":\"m\",\"meta_element\":\"div\",\"content_column_breakpoint\":\"m\",\"image_svg_color\":\"emphasis\",\"panel_padding\":\"small\"},\"children\":[{\"name\":\"\",\"type\":\"grid_item\",\"props\":{\"title\":\"Le championnat du monde des tracassets\",\"meta\":\"Chemins pentus\",\"image\":\"wp-content\\\/uploads\\\/tracasset.jpg\",\"link\":\"le-championnat-du-monde-des-tracassets\\\/\"}},{\"name\":\"\",\"type\":\"grid_item\",\"props\":{\"title\":\"La croix de notre dame\",\"meta\":\"Un lieu de recueillement\",\"image\":\"wp-content\\\/uploads\\\/blog_croixnotredame.jpg\",\"link\":\"la-croix-de-notre-dame\\\/\"}}]}]}]}]}],\"version\":\"2.7.22\"} --><\/p>\n","protected":false},"excerpt":{"rendered":"<p>Grand Cru par nature Bienvenue sur le site des producteurs de D\u00e9zaley Grand Cru Un Dimanche en D\u00e9zaley Un vignoble embl\u00e9matique Au c\u0153ur du vignoble en terrasses de Lavaux, inscrit au Patrimoine mondial de l\u2019UNESCO depuis 2007,\u00a0 le D\u00e9zaley impressionne autant par sa pente abrupte que par ses innombrables murs qui sillonnent son coteau et [&hellip;]<\/p>\n","protected":false},"author":1,"featured_media":0,"parent":0,"menu_order":4,"comment_status":"closed","ping_status":"closed","template":"","meta":[],"_links":{"self":[{"href":"https:\/\/www.dezaley.ch\/fr\/wp-json\/wp\/v2\/pages\/19"}],"collection":[{"href":"https:\/\/www.dezaley.ch\/fr\/wp-json\/wp\/v2\/pages"}],"about":[{"href":"https:\/\/www.dezaley.ch\/fr\/wp-json\/wp\/v2\/types\/page"}],"author":[{"embeddable":true,"href":"https:\/\/www.dezaley.ch\/fr\/wp-json\/wp\/v2\/users\/1"}],"replies":[{"embeddable":true,"href":"https:\/\/www.dezaley.ch\/fr\/wp-json\/wp\/v2\/comments?post=19"}],"version-history":[{"count":56,"href":"https:\/\/www.dezaley.ch\/fr\/wp-json\/wp\/v2\/pages\/19\/revisions"}],"predecessor-version":[{"id":1727,"href":"https:\/\/www.dezaley.ch\/fr\/wp-json\/wp\/v2\/pages\/19\/revisions\/1727"}],"wp:attachment":[{"href":"https:\/\/www.dezaley.ch\/fr\/wp-json\/wp\/v2\/media?parent=19"}],"curies":[{"name":"wp","href":"https:\/\/api.w.org\/{rel}","templated":true}]}}