{"id":264,"date":"2018-10-02T10:05:33","date_gmt":"2018-10-02T10:05:33","guid":{"rendered":"https:\/\/dezaleydev.affinities.ch\/?page_id=264"},"modified":"2025-08-13T10:21:53","modified_gmt":"2025-08-13T10:21:53","slug":"dezaley-en-live","status":"publish","type":"page","link":"https:\/\/www.dezaley.ch\/fr\/dezaley-en-live\/","title":{"rendered":"D\u00e9zaley en live"},"content":{"rendered":"<h1>Une exp\u00e9rience \u00e0 partager<\/h1>\n<h2>Le D\u00e9zaley en live<\/h2>\n<div>\n<p>explorer &#8211; d\u00e9couvrir &#8211; d\u00e9guster<\/p>\n<\/div>\n<h2>Le D\u00e9zaley en live<\/h2>\n<div>\n<p>        <img src=\"\/wp-content\/uploads\/DJI_0333.jpg\" alt=\"\"><\/p>\n<h3>Un Dimanche en D\u00e9zaley<\/h3>\n<p>\u00c9v\u00e9nement<\/p>\n<div>\n<p class=\"p2\">Une deuxi\u00e8me \u00e9dition enrichie, immersive et inoubliable.<br \/>Apr\u00e8s une premi\u00e8re \u00e9dition couronn\u00e9e de succ\u00e8s avec plus de 1000 visiteurs, <b>\u00abUn Dimanche en D\u00e9zaley\u00bb <\/b>revient pour une deuxi\u00e8me \u00e9dition immersive et conviviale. Organis\u00e9 par <b>l\u2019Appellation D\u00e9zaley Grand Cru, <\/b>cet \u00e9v\u00e9nement unique vous invite \u00e0 red\u00e9couvrir Lavaux \u00e0 travers une <b>promenade oeno-patrimoniale <\/b>d\u2019exception.<\/p>\n<\/div>\n<p><a href=\"\/fr\/dimanche-en-dezaley\/\"><\/a><\/p>\n<\/div>\n<div>\n<p>        <img src=\"\/wp-content\/uploads\/ancien.jpg\" alt=\"\"><\/p>\n<h3>Une histoire bien vivante<\/h3>\n<p>Histoire &#038; Terroir<\/p>\n<div>\n<p>Enti\u00e8rement fa\u00e7onn\u00e9 par la main de l\u2019homme, le vignoble du D\u00e9zaley t\u00e9moigne d\u2019une tradition viticole de plus de 800 ans. C\u2019est en 1141 que l\u2019Ev\u00eaque de Lausanne, convaincu du potentiel de ce terroir offre ces terres aux moines cisterciens qui sauront transformer ces friches en un vignoble et un paysage d\u2019exception au prix d\u2019un labeur colossal.<\/p>\n<\/div>\n<p><a href=\"\/histoire\/\"><\/a><\/p>\n<\/div>\n<div>\n<p>        <img src=\"\/wp-content\/uploads\/vinorama.jpg\" alt=\"\"><\/p>\n<h3>Lavaux Vinorama<\/h3>\n<p>Tout Lavaux dans un verre&#8230;<\/p>\n<p><a href=\"\/lavaux-vinorama\/\"><\/a><\/p>\n<\/div>\n<div>\n<p>        <img src=\"\/wp-content\/uploads\/tasting.jpg\" alt=\"\"><\/p>\n<h3>D\u00e9guster un D\u00e9zaley<\/h3>\n<p>Explorer les caveaux<\/p>\n<p><a href=\"\/caveaux\/\"><\/a><\/p>\n<\/div>\n<div>\n<p>        <img src=\"\/wp-content\/uploads\/prestige.jpg\" alt=\"\"><\/p>\n<h3>L&rsquo;AOC D\u00e9zaley Grand Cru<\/h3>\n<p>Une appellation prestigieuse<\/p>\n<p><a href=\"\/appellation\/\"><\/a><\/p>\n<\/div>\n<div>\n<p>        <img src=\"\/wp-content\/uploads\/mystere.jpg\" alt=\"\"><\/p>\n<h3>Les particularit\u00e9s du D\u00e9zaley<\/h3>\n<p>Ses myst\u00e8res&#8230;<\/p>\n<p><a href=\"\/secrets-du-dezaley\/\"><\/a><\/p>\n<\/div>\n<p><!--more--><br \/>\n<!-- {\"name\":\"Home\",\"type\":\"layout\",\"children\":[{\"name\":\"Hero-temp\",\"type\":\"section\",\"props\":{\"width\":\"large\",\"padding\":\"large\",\"style\":\"muted\",\"text_color\":\"light\",\"media\":\"images\\\/home-header.jpg\",\"height_viewport\":true,\"header_overlay\":\"light\",\"image\":\"wp-content\\\/uploads\\\/bg_dezaleylive.jpg\",\"media_advanced\":true,\"image_size\":\"cover\",\"media_background\":\"#1e3040\",\"media_overlay\":null,\"height\":\"percent\",\"animation\":\"slide-top\",\"header_transparent\":\"light\",\"image_position\":\"bottom-center\",\"image_fixed\":false,\"class\":\"\",\"overlap\":true,\"vertical_align\":\"middle\",\"title_position\":\"top-left\",\"title_rotation\":\"left\",\"title_breakpoint\":\"xl\",\"image_width\":\"1920\"},\"children\":[{\"name\":\"\",\"type\":\"row\",\"props\":{\"class\":\"\"},\"children\":[{\"name\":\"\",\"type\":\"column\",\"props\":{\"image_position\":\"center-center\",\"width_medium\":\"1-1\",\"position_sticky_breakpoint\":\"m\",\"media_overlay_gradient\":\"\"},\"children\":[{\"name\":\"\",\"type\":\"headline\",\"props\":{\"title_element\":\"h1\",\"content\":\"Une exp\\u00e9rience \\u00e0 partager\",\"title_style\":\"h5\",\"text_align\":\"center\",\"margin\":\"small\"}},{\"name\":\"\",\"type\":\"headline\",\"props\":{\"title_element\":\"h2\",\"title_style\":\"heading-large\",\"content\":\"Le D\\u00e9zaley en live\",\"text_align\":\"center\",\"margin\":\"small\"}},{\"name\":\"\",\"type\":\"text\",\"props\":{\"column_breakpoint\":\"m\",\"margin\":\"small\",\"content\":\"\n\n<p>explorer - d\\u00e9couvrir - d\\u00e9guster<\\\/p>\",\"text_style\":\"lead\",\"text_align\":\"center\",\"animation\":\"slide-bottom\"}}]}]}]},{\"name\":\"\",\"type\":\"section\",\"props\":{\"style\":\"muted\",\"width\":\"large\",\"vertical_align\":\"middle\",\"title_position\":\"top-left\",\"title_rotation\":\"left\",\"title_breakpoint\":\"xl\",\"image_position\":\"center-center\",\"padding\":\"small\",\"padding_remove_bottom\":false},\"children\":[{\"name\":\"\",\"type\":\"row\",\"children\":[{\"name\":\"\",\"type\":\"column\",\"props\":{\"image_position\":\"center-center\",\"width_medium\":\"1-1\",\"position_sticky_breakpoint\":\"m\",\"media_overlay_gradient\":\"\"},\"children\":[{\"name\":\"\",\"type\":\"headline\",\"props\":{\"title_element\":\"h2\",\"content\":\"Le D\\u00e9zaley en live\",\"text_align\":\"center\",\"text_align_fallback\":\"center\",\"title_style\":\"h5\",\"text_align_breakpoint\":\"s\",\"block_align\":\"center\"}},{\"name\":\"\",\"type\":\"divider\",\"props\":{\"divider_element\":\"div\",\"divider_style\":\"icon\",\"divider_align\":\"left\",\"divider_align_breakpoint\":\"s\",\"divider_align_fallback\":\"center\"}}]}]}]},{\"name\":\"More trips\",\"type\":\"section\",\"props\":{\"style\":\"default\",\"width\":\"large\",\"image_size\":\"cover\",\"padding\":\"small\",\"class\":\"\",\"overlap\":true,\"image_position\":\"center-center\",\"vertical_align\":\"middle\",\"title_position\":\"top-left\",\"title_rotation\":\"left\",\"title_breakpoint\":\"xl\"},\"children\":[{\"name\":\"\",\"type\":\"row\",\"props\":{\"match\":true},\"children\":[{\"name\":\"\",\"type\":\"column\",\"props\":{\"image_position\":\"center-center\",\"width_medium\":\"\",\"position_sticky_breakpoint\":\"m\",\"media_overlay_gradient\":\"\"},\"children\":[{\"name\":\"\",\"type\":\"panel\",\"props\":{\"title_element\":\"h3\",\"image_align\":\"left\",\"image_grid_width\":\"1-2\",\"link_style\":\"default\",\"margin\":\"default\",\"panel_style\":\"card-default\",\"content\":\"\n\n<p class=\\\"p2\\\">Une deuxi\\u00e8me \\u00e9dition enrichie, immersive et inoubliable.<br \\\/>Apr\\u00e8s une premi\\u00e8re \\u00e9dition couronn\\u00e9e de succ\\u00e8s avec plus de 1000 visiteurs, <b>\\u00abUn Dimanche en D\\u00e9zaley\\u00bb <\\\/b>revient pour une deuxi\\u00e8me \\u00e9dition immersive et conviviale. Organis\\u00e9 par <b>l\\u2019Appellation D\\u00e9zaley Grand Cru, <\\\/b>cet \\u00e9v\\u00e9nement unique vous invite \\u00e0 red\\u00e9couvrir Lavaux \\u00e0 travers une <b>promenade oeno-patrimoniale <\\\/b>d\\u2019exception.<\\\/p>\",\"title\":\"Un Dimanche en D\\u00e9zaley\",\"image\":\"wp-content\\\/uploads\\\/DJI_0333.jpg\",\"text_align\":\"left\",\"link\":\"fr\\\/dimanche-en-dezaley\\\/\",\"link_text\":\"\",\"text_align_breakpoint\":\"s\",\"text_align_fallback\":\"center\",\"meta_style\":\"meta\",\"meta_align\":\"below-title\",\"meta\":\"\\u00c9v\\u00e9nement\",\"meta_margin\":\"small\",\"image_width\":\"920\",\"image_grid_breakpoint\":\"m\",\"panel_link\":true,\"icon_width\":80,\"panel_image_no_padding\":true,\"panel_padding\":\"large\",\"title_hover_style\":\"reset\",\"title_align\":\"top\",\"title_grid_width\":\"1-2\",\"title_grid_breakpoint\":\"m\",\"meta_element\":\"div\",\"content_column_breakpoint\":\"m\",\"image_svg_color\":\"emphasis\"}}]}]},{\"name\":\"\",\"type\":\"row\",\"props\":{\"layout\":\"2-3,1-3\",\"match\":true},\"children\":[{\"name\":\"\",\"type\":\"column\",\"props\":{\"image_position\":\"center-center\",\"width_medium\":\"2-3\",\"position_sticky_breakpoint\":\"m\",\"media_overlay_gradient\":\"\"},\"children\":[{\"name\":\"\",\"type\":\"panel\",\"props\":{\"title_element\":\"h3\",\"image_align\":\"left\",\"image_grid_width\":\"1-2\",\"link_style\":\"default\",\"margin\":\"default\",\"panel_style\":\"card-default\",\"content\":\"\n\n<p>Enti\\u00e8rement fa\\u00e7onn\\u00e9 par la main de l\\u2019homme, le vignoble du D\\u00e9zaley t\\u00e9moigne d\\u2019une tradition viticole de plus de 800 ans. C\\u2019est en 1141 que l\\u2019Ev\\u00eaque de Lausanne, convaincu du potentiel de ce terroir offre ces terres aux moines cisterciens qui sauront transformer ces friches en un vignoble et un paysage d\\u2019exception au prix d\\u2019un labeur colossal.<\\\/p>\",\"title\":\"Une histoire bien vivante\",\"image\":\"wp-content\\\/uploads\\\/ancien.jpg\",\"text_align\":\"left\",\"link\":\"histoire\\\/\",\"link_text\":\"\",\"text_align_breakpoint\":\"s\",\"text_align_fallback\":\"center\",\"meta_style\":\"meta\",\"meta_align\":\"below-title\",\"meta\":\"Histoire & Terroir\",\"meta_margin\":\"small\",\"image_width\":\"920\",\"image_grid_breakpoint\":\"m\",\"panel_link\":true,\"icon_width\":80,\"panel_image_no_padding\":true,\"panel_padding\":\"large\",\"title_hover_style\":\"reset\",\"title_align\":\"top\",\"title_grid_width\":\"1-2\",\"title_grid_breakpoint\":\"m\",\"meta_element\":\"div\",\"content_column_breakpoint\":\"m\",\"image_svg_color\":\"emphasis\"}}]},{\"name\":\"\",\"type\":\"column\",\"props\":{\"image_position\":\"center-center\",\"width_medium\":\"1-3\",\"position_sticky_breakpoint\":\"m\",\"media_overlay_gradient\":\"\"},\"children\":[{\"name\":\"\",\"type\":\"panel\",\"props\":{\"title_element\":\"h3\",\"image_align\":\"top\",\"image_grid_width\":\"1-2\",\"link_style\":\"default\",\"margin\":\"default\",\"panel_style\":\"card-default\",\"title\":\"Lavaux Vinorama\",\"image\":\"wp-content\\\/uploads\\\/vinorama.jpg\",\"content\":\"\",\"link\":\"lavaux-vinorama\\\/\",\"link_text\":\"\",\"text_align\":\"left\",\"text_align_breakpoint\":\"s\",\"text_align_fallback\":\"center\",\"meta_style\":\"meta\",\"meta_align\":\"below-title\",\"meta\":\"Tout Lavaux dans un verre...\",\"meta_margin\":\"small\",\"image_width\":\"920\",\"image_grid_breakpoint\":\"m\",\"panel_link\":true,\"icon_width\":80,\"panel_image_no_padding\":true,\"panel_padding\":\"default\",\"title_hover_style\":\"reset\",\"title_align\":\"top\",\"title_grid_width\":\"1-2\",\"title_grid_breakpoint\":\"m\",\"meta_element\":\"div\",\"content_column_breakpoint\":\"m\",\"image_svg_color\":\"emphasis\"}}]}]},{\"name\":\"\",\"type\":\"row\",\"props\":{\"layout\":\"1-3,1-3,1-3\",\"match\":true},\"children\":[{\"name\":\"\",\"type\":\"column\",\"props\":{\"image_position\":\"center-center\",\"width_medium\":\"1-3\",\"position_sticky_breakpoint\":\"m\",\"media_overlay_gradient\":\"\"},\"children\":[{\"name\":\"\",\"type\":\"panel\",\"props\":{\"title_element\":\"h3\",\"image_align\":\"top\",\"image_grid_width\":\"1-2\",\"link_style\":\"default\",\"margin\":\"default\",\"panel_style\":\"card-default\",\"image\":\"wp-content\\\/uploads\\\/tasting.jpg\",\"title\":\"D\\u00e9guster un D\\u00e9zaley\",\"content\":\"\",\"link\":\"caveaux\\\/\",\"link_text\":\"\",\"text_align\":\"left\",\"text_align_breakpoint\":\"s\",\"text_align_fallback\":\"center\",\"meta_style\":\"meta\",\"meta_align\":\"below-title\",\"meta\":\"Explorer les caveaux\",\"meta_margin\":\"small\",\"image_width\":\"920\",\"image_grid_breakpoint\":\"m\",\"panel_link\":true,\"icon_width\":80,\"panel_image_no_padding\":true,\"panel_padding\":\"default\",\"title_hover_style\":\"reset\",\"title_align\":\"top\",\"title_grid_width\":\"1-2\",\"title_grid_breakpoint\":\"m\",\"meta_element\":\"div\",\"content_column_breakpoint\":\"m\",\"image_svg_color\":\"emphasis\"}}]},{\"name\":\"\",\"type\":\"column\",\"props\":{\"image_position\":\"center-center\",\"width_medium\":\"1-3\",\"position_sticky_breakpoint\":\"m\",\"media_overlay_gradient\":\"\"},\"children\":[{\"name\":\"\",\"type\":\"panel\",\"props\":{\"title_element\":\"h3\",\"image_align\":\"top\",\"image_grid_width\":\"1-2\",\"link_style\":\"default\",\"margin\":\"default\",\"panel_style\":\"card-default\",\"image\":\"wp-content\\\/uploads\\\/prestige.jpg\",\"title\":\"L'AOC D\\u00e9zaley Grand Cru\",\"content\":\"\",\"link\":\"appellation\\\/\",\"link_text\":\"\",\"text_align\":\"left\",\"text_align_breakpoint\":\"s\",\"text_align_fallback\":\"center\",\"meta_style\":\"meta\",\"meta_align\":\"below-title\",\"meta\":\"Une appellation prestigieuse\",\"meta_margin\":\"small\",\"image_width\":\"920\",\"image_grid_breakpoint\":\"m\",\"panel_link\":true,\"icon_width\":80,\"panel_image_no_padding\":true,\"panel_padding\":\"default\",\"title_hover_style\":\"reset\",\"title_align\":\"top\",\"title_grid_width\":\"1-2\",\"title_grid_breakpoint\":\"m\",\"meta_element\":\"div\",\"content_column_breakpoint\":\"m\",\"image_svg_color\":\"emphasis\"}}]},{\"name\":\"\",\"type\":\"column\",\"props\":{\"image_position\":\"center-center\",\"width_medium\":\"1-3\",\"position_sticky_breakpoint\":\"m\",\"media_overlay_gradient\":\"\"},\"children\":[{\"name\":\"\",\"type\":\"panel\",\"props\":{\"title_element\":\"h3\",\"image_align\":\"top\",\"image_grid_width\":\"1-2\",\"link_style\":\"default\",\"margin\":\"default\",\"panel_style\":\"card-default\",\"image\":\"wp-content\\\/uploads\\\/mystere.jpg\",\"content\":\"\",\"title\":\"Les particularit\\u00e9s du D\\u00e9zaley\",\"link\":\"secrets-du-dezaley\\\/\",\"link_text\":\"\",\"text_align\":\"left\",\"text_align_breakpoint\":\"s\",\"text_align_fallback\":\"center\",\"meta_style\":\"meta\",\"meta_align\":\"below-title\",\"meta\":\"Ses myst\\u00e8res...\",\"meta_margin\":\"small\",\"image_width\":\"920\",\"image_grid_breakpoint\":\"m\",\"panel_link\":true,\"icon_width\":80,\"panel_image_no_padding\":true,\"panel_padding\":\"default\",\"title_hover_style\":\"reset\",\"title_align\":\"top\",\"title_grid_width\":\"1-2\",\"title_grid_breakpoint\":\"m\",\"meta_element\":\"div\",\"content_column_breakpoint\":\"m\",\"image_svg_color\":\"emphasis\"}}]}]}]}],\"version\":\"2.7.22\"} --><\/p>\n","protected":false},"excerpt":{"rendered":"<p>Une exp\u00e9rience \u00e0 partager Le D\u00e9zaley en live explorer &#8211; d\u00e9couvrir &#8211; d\u00e9guster Le D\u00e9zaley en live Un Dimanche en D\u00e9zaley \u00c9v\u00e9nement Une deuxi\u00e8me \u00e9dition enrichie, immersive et inoubliable.Apr\u00e8s une premi\u00e8re \u00e9dition couronn\u00e9e de succ\u00e8s avec plus de 1000 visiteurs, \u00abUn Dimanche en D\u00e9zaley\u00bb revient pour une deuxi\u00e8me \u00e9dition immersive et conviviale. Organis\u00e9 par l\u2019Appellation [&hellip;]<\/p>\n","protected":false},"author":1,"featured_media":0,"parent":0,"menu_order":0,"comment_status":"closed","ping_status":"closed","template":"","meta":[],"_links":{"self":[{"href":"https:\/\/www.dezaley.ch\/fr\/wp-json\/wp\/v2\/pages\/264"}],"collection":[{"href":"https:\/\/www.dezaley.ch\/fr\/wp-json\/wp\/v2\/pages"}],"about":[{"href":"https:\/\/www.dezaley.ch\/fr\/wp-json\/wp\/v2\/types\/page"}],"author":[{"embeddable":true,"href":"https:\/\/www.dezaley.ch\/fr\/wp-json\/wp\/v2\/users\/1"}],"replies":[{"embeddable":true,"href":"https:\/\/www.dezaley.ch\/fr\/wp-json\/wp\/v2\/comments?post=264"}],"version-history":[{"count":20,"href":"https:\/\/www.dezaley.ch\/fr\/wp-json\/wp\/v2\/pages\/264\/revisions"}],"predecessor-version":[{"id":1697,"href":"https:\/\/www.dezaley.ch\/fr\/wp-json\/wp\/v2\/pages\/264\/revisions\/1697"}],"wp:attachment":[{"href":"https:\/\/www.dezaley.ch\/fr\/wp-json\/wp\/v2\/media?parent=264"}],"curies":[{"name":"wp","href":"https:\/\/api.w.org\/{rel}","templated":true}]}}