{"id":362,"date":"2019-02-26T11:25:32","date_gmt":"2019-02-26T11:25:32","guid":{"rendered":"https:\/\/dezaleydev.affinities.ch\/?page_id=362"},"modified":"2019-07-08T10:43:15","modified_gmt":"2019-07-08T10:43:15","slug":"caveaux","status":"publish","type":"page","link":"https:\/\/www.dezaley.ch\/fr\/caveaux\/","title":{"rendered":"Caveaux"},"content":{"rendered":"<p>Vivez l&rsquo;ambiance chaleureused&rsquo;un caveau villageois<\/p>\n<p>Les caveaux des vignerons de Lavaux, lieux traditionnels et chaleureux situ\u00e9s au c\u0153ur des villages, permettent de d\u00e9couvrir les vins de la r\u00e9gion pr\u00e9sent\u00e9s par les vignerons. Ceux-ci vous y accueillent \u00e0 tour de r\u00f4le, proposant le fruit de leur travail.<\/p>\n<p>www.caveau-lutry.ch<\/p>\n<p>www.caveau-villette.ch<\/p>\n<p>www.caveaucorto.ch<\/p>\n<p>www.caveau-cully.ch<\/p>\n<p>www.b-e-l.ch<\/p>\n<p>www.11terres.ch<\/p>\n<p>www.caveau-epesses.ch<\/p>\n<p>www.rivaz.ch<\/p>\n<p>www.caveaubar.ch<\/p>\n<p>www.chardonne-vins.ch<\/p>\n<p>www.le-verre-gourmand.ch<\/p>\n<p>www.lavaux-vinorama.ch<\/p>\n<p>\nTous ces villages sont desservis par les transports publics : train, car postal et\/ou bateau (en saison).<\/p>\n<p><!-- {\"name\":\"\",\"type\":\"layout\",\"children\":[{\"name\":\"Hero-temp\",\"type\":\"section\",\"props\":{\"width\":\"default\",\"padding\":\"large\",\"style\":\"default\",\"text_color\":\"light\",\"media\":\"images\\\/home-header.jpg\",\"height_viewport\":true,\"header_overlay\":\"light\",\"image\":\"wp-content\\\/uploads\\\/caveau.jpg\",\"media_advanced\":true,\"image_size\":\"cover\",\"media_background\":\"#1e3040\",\"media_overlay\":null,\"height\":\"percent\",\"animation\":\"slide-top\",\"header_transparent\":\"\",\"image_position\":\"top-center\",\"image_fixed\":false,\"class\":\"\",\"media_blend_mode\":\"\",\"overlap\":true,\"css\":\"\",\"vertical_align\":\"\",\"title_position\":\"top-left\",\"title_rotation\":\"left\",\"title_breakpoint\":\"xl\",\"image_width\":\"2560\",\"image_effect\":\"\",\"image_visibility\":\"\"},\"children\":[{\"name\":\"\",\"type\":\"row\",\"props\":{\"layout\":\"1-1\",\"breakpoint\":\"m\",\"fixed_width\":\"large\",\"class\":\"\"},\"children\":[{\"name\":\"\",\"type\":\"column\",\"props\":{\"image_position\":\"center-center\",\"widths\":[\"1-1\"]}}]}]},{\"name\":\"zone-image-texte-side\",\"type\":\"section\",\"props\":{\"width\":\"default\",\"padding\":\"large\",\"style\":\"muted\",\"text_color\":\"\",\"media\":\"\",\"height_viewport\":false,\"header_overlay\":\"light\",\"animation\":\"slide-top-medium\",\"padding_remove_top\":false,\"image_size\":\"cover\",\"image\":\"\",\"image_position\":\"bottom-center\",\"image_fixed\":false,\"class\":\"\",\"media_overlay\":\"rgba(255, 255, 255, 0.88)\",\"overlap\":false,\"vertical_align\":\"middle\",\"title_position\":\"top-left\",\"title_rotation\":\"left\",\"title_breakpoint\":\"xl\",\"height\":\"\",\"header_transparent\":\"\"},\"children\":[{\"name\":\"\",\"type\":\"row\",\"props\":{\"fixed_width\":\"large\",\"breakpoint\":\"m\",\"layout\":\",\",\"gutter\":\"\",\"width\":\"\",\"margin\":\"\"},\"children\":[{\"name\":\"\",\"type\":\"column\",\"props\":{\"widths\":[\"\"],\"image_position\":\"center-center\"},\"children\":[{\"name\":\"\",\"type\":\"headline\",\"props\":{\"title_element\":\"h3\",\"title_style\":\"h3\",\"title_decoration\":\"\",\"title_color\":\"\",\"text_align\":\"\",\"text_align_breakpoint\":\"\",\"text_align_fallback\":\"\",\"maxwidth\":\"\",\"maxwidth_align\":\"\",\"maxwidth_breakpoint\":\"\",\"margin\":\"\",\"animation\":\"\",\"visibility\":\"\",\"content\":\"\n\n<div>Vivez l'ambiance chaleureuse<br \\\/>d'un caveau villageois<\\\/div>\",\"css\":\".el-element {font-size:18pt}\\n.el-element {margin-bottom:0 !important:padding-bottom:0 !important}\"}},{\"name\":\"\",\"type\":\"text\",\"props\":{\"margin\":\"default\",\"column_breakpoint\":\"m\",\"text_style\":\"\",\"text_color\":\"\",\"text_size\":\"\",\"column\":\"\",\"text_align\":\"\",\"text_align_breakpoint\":\"\",\"text_align_fallback\":\"\",\"maxwidth\":\"\",\"maxwidth_align\":\"\",\"maxwidth_breakpoint\":\"\",\"animation\":\"\",\"visibility\":\"\",\"content\":\"\n\n<p>Les caveaux des vignerons de Lavaux, lieux traditionnels et chaleureux situ\\u00e9s au c\\u0153ur des villages, permettent de d\\u00e9couvrir les vins de la r\\u00e9gion pr\\u00e9sent\\u00e9s par les vignerons. Ceux-ci vous y accueillent \\u00e0 tour de r\\u00f4le, proposant le fruit de leur travail.<\\\/p>\",\"css\":\".el-element {margin-bottom:2px !important;padding-bottom:0 !important;font-size:10pt}\"}},{\"name\":\"\",\"type\":\"description_list\",\"props\":{\"show_title\":true,\"show_meta\":true,\"show_content\":true,\"show_link\":true,\"layout\":\"grid-2\",\"width\":\"auto\",\"gutter\":\"small\",\"meta_style\":\"meta\",\"meta_align\":\"bottom-content\",\"list_style\":\"divider\",\"breakpoint\":\"\",\"title_style\":\"strong\",\"title_color\":\"\",\"content_style\":\"\",\"link_style\":\"\",\"text_align\":\"\",\"text_align_breakpoint\":\"\",\"text_align_fallback\":\"\",\"maxwidth\":\"\",\"maxwidth_align\":\"\",\"maxwidth_breakpoint\":\"\",\"margin\":\"\",\"animation\":\"\",\"visibility\":\"\",\"css\":\".el-item span {font-weight:normal;}\\n.el-element {font-size:10pt !important}\\n.el-item {padding:4px 0;margin:0px}\\n.el-item a {color:inherit !important}\"},\"children\":[{\"name\":\"\",\"type\":\"description_list_item\",\"props\":{\"title\":\"Caveau des Vignerons, <span>Lutry -<\\\/span>\",\"content\":\"www.caveau-lutry.ch\",\"link\":\"https:\\\/\\\/www.caveau-lutry.ch\",\"link_target\":true,\"meta\":\"\"}},{\"name\":\"\",\"type\":\"description_list_item\",\"props\":{\"title\":\"Caveau de la Villette,\",\"content\":\"www.caveau-villette.ch\",\"link\":\"https:\\\/\\\/www.caveau-villette.ch\",\"link_target\":true}},{\"name\":\"\",\"type\":\"description_list_item\",\"props\":{\"title\":\"Caveau Corto, <span>Grandvaux -<\\\/span>\",\"content\":\"www.caveaucorto.ch\",\"link\":\"https:\\\/\\\/www.caveaucorto.ch\",\"link_target\":true,\"meta\":\"\"}},{\"name\":\"\",\"type\":\"description_list_item\",\"props\":{\"title\":\"Caveau des Vignerons, <span>Cully -<\\\/span>\",\"content\":\"www.caveau-cully.ch\",\"link\":\"https:\\\/\\\/www.caveau-cully.ch\",\"link_target\":true,\"meta\":\"\"}},{\"name\":\"\",\"type\":\"description_list_item\",\"props\":{\"title\":\"Caveau des Vignerons, <span>Riex -<\\\/span>\",\"content\":\"www.b-e-l.ch\",\"link\":\"https:\\\/\\\/ www.b-e-l.ch\",\"link_target\":true,\"meta\":\"\"}},{\"name\":\"\",\"type\":\"description_list_item\",\"props\":{\"title\":\"Vinoth\\u00e8que Les 11 Terres, <span>Epesses -<\\\/span>\",\"content\":\"www.11terres.ch\",\"link\":\"https:\\\/\\\/ www.11terres.ch\",\"link_target\":true,\"meta\":\"\"}},{\"name\":\"\",\"type\":\"description_list_item\",\"props\":{\"title\":\"Caveau des Vignerons, <span>Epesses -<\\\/span>\",\"content\":\"www.caveau-epesses.ch\",\"link\":\"https:\\\/\\\/ www.caveau-epesses.ch\",\"link_target\":true,\"meta\":\"\"}},{\"name\":\"\",\"type\":\"description_list_item\",\"props\":{\"title\":\"Bacchus Vinobar, <span>Rivaz -<\\\/span>\",\"content\":\"www.rivaz.ch\",\"link\":\"https:\\\/\\\/ www.rivaz.ch\",\"link_target\":true,\"meta\":\"\"}},{\"name\":\"\",\"type\":\"description_list_item\",\"props\":{\"title\":\"Caveau des Vignerons, <span>St-Saphorin -<\\\/span>\",\"content\":\"www.caveaubar.ch\",\"link\":\"https:\\\/\\\/ www.caveaubar.ch\",\"link_target\":true,\"meta\":\"\"}},{\"name\":\"\",\"type\":\"description_list_item\",\"props\":{\"title\":\"Caveau des Vignerons, <span>Chardonne -<\\\/span>\",\"content\":\"www.chardonne-vins.ch\",\"link\":\"https:\\\/\\\/ www.chardonne-vins.ch\",\"link_target\":true,\"meta\":\"\"}},{\"name\":\"\",\"type\":\"description_list_item\",\"props\":{\"title\":\"Le Verre Gourmand, <span>1098 Bourg-en-Lavaux -<\\\/span>\",\"content\":\"www.le-verre-gourmand.ch\",\"link\":\"https:\\\/\\\/ www.le-verre-gourmand.ch\",\"link_target\":true,\"meta\":\"\"}},{\"name\":\"\",\"type\":\"description_list_item\",\"props\":{\"title\":\"Lavaux Vinorama, <span>1071 Rivaz -<\\\/span>\",\"content\":\"\n\n<p>www.lavaux-vinorama.ch<\\\/p>\",\"link\":\"https:\\\/\\\/ www.le-verre-gourmand.ch\",\"link_target\":true,\"meta\":\"\"}}]},{\"name\":\"\",\"type\":\"text\",\"props\":{\"margin\":\"default\",\"column_breakpoint\":\"m\",\"text_style\":\"\",\"text_color\":\"\",\"text_size\":\"small\",\"column\":\"\",\"text_align\":\"\",\"text_align_breakpoint\":\"\",\"text_align_fallback\":\"\",\"maxwidth\":\"\",\"maxwidth_align\":\"\",\"maxwidth_breakpoint\":\"\",\"animation\":\"\",\"visibility\":\"\",\"css\":\".el-element p {margin:0;padding:0}\\n.el-element hr {margin:3px}\",\"content\":\"\n\n<hr \\\/>\\n\n\n<div><em>Tous ces villages sont desservis par les transports publics : train, car postal et\\\/ou bateau (en saison).<\\\/em><\\\/div>\"}}]},{\"name\":\"\",\"type\":\"column\",\"props\":{\"widths\":[\"\"],\"image_position\":\"center-center\"},\"children\":[{\"name\":\"\",\"type\":\"image\",\"props\":{\"margin\":\"default\",\"link_target\":\"\",\"image_border\":\"\",\"image_box_shadow\":\"\",\"image_hover_box_shadow\":\"\",\"text_align\":\"\",\"text_align_breakpoint\":\"\",\"text_align_fallback\":\"\",\"maxwidth\":\"\",\"maxwidth_align\":\"\",\"maxwidth_breakpoint\":\"\",\"animation\":\"\",\"visibility\":\"\",\"image\":\"wp-content\\\/uploads\\\/img_caveau1.jpg\"}},{\"name\":\"\",\"type\":\"image\",\"props\":{\"margin\":\"default\",\"link_target\":\"\",\"image_border\":\"\",\"image_box_shadow\":\"\",\"image_hover_box_shadow\":\"\",\"text_align\":\"\",\"text_align_breakpoint\":\"\",\"text_align_fallback\":\"\",\"maxwidth\":\"\",\"maxwidth_align\":\"\",\"maxwidth_breakpoint\":\"\",\"animation\":\"\",\"visibility\":\"\",\"image\":\"wp-content\\\/uploads\\\/img_caveau2.jpg\"}},{\"name\":\"\",\"type\":\"image\",\"props\":{\"margin\":\"default\",\"link_target\":\"\",\"image_border\":\"\",\"image_box_shadow\":\"\",\"image_hover_box_shadow\":\"\",\"text_align\":\"\",\"text_align_breakpoint\":\"\",\"text_align_fallback\":\"\",\"maxwidth\":\"\",\"maxwidth_align\":\"\",\"maxwidth_breakpoint\":\"\",\"animation\":\"\",\"visibility\":\"\",\"image\":\"wp-content\\\/uploads\\\/img_caveau3.jpg\"}}]}]}]}]} --><\/p>\n","protected":false},"excerpt":{"rendered":"<p>Vivez l&rsquo;ambiance chaleureused&rsquo;un caveau villageois Les caveaux des vignerons de Lavaux, lieux traditionnels et chaleureux situ\u00e9s au c\u0153ur des villages, permettent de d\u00e9couvrir les vins de la r\u00e9gion pr\u00e9sent\u00e9s par les vignerons. Ceux-ci vous y accueillent \u00e0 tour de r\u00f4le, proposant le fruit de leur travail. www.caveau-lutry.ch www.caveau-villette.ch www.caveaucorto.ch www.caveau-cully.ch www.b-e-l.ch www.11terres.ch www.caveau-epesses.ch www.rivaz.ch www.caveaubar.ch [&hellip;]<\/p>\n","protected":false},"author":1,"featured_media":0,"parent":0,"menu_order":0,"comment_status":"closed","ping_status":"closed","template":"","meta":[],"_links":{"self":[{"href":"https:\/\/www.dezaley.ch\/fr\/wp-json\/wp\/v2\/pages\/362"}],"collection":[{"href":"https:\/\/www.dezaley.ch\/fr\/wp-json\/wp\/v2\/pages"}],"about":[{"href":"https:\/\/www.dezaley.ch\/fr\/wp-json\/wp\/v2\/types\/page"}],"author":[{"embeddable":true,"href":"https:\/\/www.dezaley.ch\/fr\/wp-json\/wp\/v2\/users\/1"}],"replies":[{"embeddable":true,"href":"https:\/\/www.dezaley.ch\/fr\/wp-json\/wp\/v2\/comments?post=362"}],"version-history":[{"count":17,"href":"https:\/\/www.dezaley.ch\/fr\/wp-json\/wp\/v2\/pages\/362\/revisions"}],"predecessor-version":[{"id":628,"href":"https:\/\/www.dezaley.ch\/fr\/wp-json\/wp\/v2\/pages\/362\/revisions\/628"}],"wp:attachment":[{"href":"https:\/\/www.dezaley.ch\/fr\/wp-json\/wp\/v2\/media?parent=362"}],"curies":[{"name":"wp","href":"https:\/\/api.w.org\/{rel}","templated":true}]}}