{"id":439,"date":"2019-03-03T16:50:13","date_gmt":"2019-03-03T16:50:13","guid":{"rendered":"https:\/\/dezaleydev.affinities.ch\/?page_id=439"},"modified":"2019-05-22T15:03:37","modified_gmt":"2019-05-22T15:03:37","slug":"appellation","status":"publish","type":"page","link":"https:\/\/www.dezaley.ch\/fr\/appellation\/","title":{"rendered":"Appellation"},"content":{"rendered":"<p>L\u2019AOCD\u00e9zaley Grand Cru<\/p>\n<p>Une reconnaissance de longue date<\/p>\n<p>L\u2019AOC D\u00e9zaley Grand Cru<\/p>\n<p>Le 21 mars 2013, le Gouvernement vaudois a d\u00e9cid\u00e9 de r\u00e9pondre favorablement \u00e0 la demande de la Commission interprofessionnelle du vin vaudois de conf\u00e9rer aux zones viticoles du D\u00e9zaley et du Calamin l&rsquo;appellation d&rsquo;origine contr\u00f4l\u00e9e (AOC Grand Cru). La situation particuli\u00e8re des appellations D\u00e9zaley et Calamin a toujours \u00e9t\u00e9 reconnue par la l\u00e9gislation vaudoise, m\u00eame si la r\u00e9vision de 2009 les avait quelque peu oubli\u00e9es. L&rsquo;objectif poursuivi par cette modification du r\u00e8glement est de renforcer la visibilit\u00e9 des vins du D\u00e9zaley et du Calamin en leur conf\u00e9rant une reconnaissance officielle. Une appellation d&rsquo;origine contr\u00f4l\u00e9e constitue notamment une garantie de qualit\u00e9 et un atout commercial aupr\u00e8s des consommateurs. Destin\u00e9es \u00e0 des vins jouissant depuis longtemps d&rsquo;une image d&rsquo;excellence, les deux nouvelles AOC sont soumises \u00e0 des exigences de qualit\u00e9 suppl\u00e9mentaires par rapport aux autres AOC. Les vins provenant des zones du D\u00e9zaley et du Calamin sont obligatoirement des \u00ab Grands Crus \u00bb et doivent remplir les obligations li\u00e9es \u00e0 ce statut; le coupage leur est interdit; la mention du mill\u00e9sime est obligatoire; la teneur en sucre doit \u00eatre de 6 \u00e0 7\u00b0Oechsl\u00e9 sup\u00e9rieure \u00e0 celle des autres AOC pour les chasselas et de 10\u00b0 Oechsl\u00e9 pour les vins rouges. Si les teneurs en sucres prescrites ne sont pas atteintes, le vin portera l&rsquo;AOC r\u00e9gionale \u00ab Lavaux \u00bb. La situation particuli\u00e8re des zones viticoles du D\u00e9zaley et du Calamin est historiquement av\u00e9r\u00e9e et a \u00e9t\u00e9 ancr\u00e9e dans la r\u00e9glementation vaudoise d\u00e8s 1949. Le terroir tr\u00e8s particulier de ces deux r\u00e9gions a par ailleurs \u00e9t\u00e9 reconnu dans l&rsquo;\u00e9tude des terroirs viticoles vaudois publi\u00e9e en 2004 sous l&rsquo;\u00e9gide de plusieurs instances scientifiques et administratives.<\/p>\n<p>Une sp\u00e9cificit\u00e9 reconnue de longue datepar la l\u00e9gislation vaudoise<\/p>\n<p>En vertu de l\u2019arr\u00eat\u00e9 sur la d\u00e9limitation des r\u00e9gions viticoles du 5 avril 1949 d\u00e9j\u00e0, alors que tous les autres appellations pouvaient \u00eatre port\u00e9es par un vin d\u00e8s qu\u2019il \u00e9tait form\u00e9 \u00ab en majeure partie \u00bb de raisins provenant de la commune en question, l\u2019appellation D\u00e9zaley, la seule exception pr\u00e9vue (art. 4), ne pouvait d\u00e9signer qu\u2019un vin provenant enti\u00e8rement du vignoble du D\u00e9zaley, tr\u00e8s pr\u00e9cis\u00e9ment d\u00e9limit\u00e9. Les appellations ont ensuite \u00e9t\u00e9 pr\u00e9cis\u00e9es par l\u2019arr\u00eat\u00e9 du 8 novembre 1963 sur la d\u00e9limitation de la r\u00e9gion viticole du Lavaux. Celui-ci autorisait des coupages \u00e0 hauteur de 49% ou 30% pour les appellations des lieux de production (Lutry, Villette, Epesses, St-Saphorin, Chardonne et Vevey) et introduisait en outre la notion d\u2019appellation de cru (domaine, ch\u00e2teau, etc.), dont b\u00e9n\u00e9ficiaient les vins r\u00e9colt\u00e9s exclusivement sur l\u2019aire concern\u00e9e. Le D\u00e9zaley et le Calamin \u00e9taient r\u00e9gis par une disposition sp\u00e9ciale en qualit\u00e9 \u00ab d\u2019aire d\u00e9limit\u00e9e d\u2019appellation de cru \u00bb pr\u00e9voyant pr\u00e9cis\u00e9ment l\u2019\u00e9tendue de leur territoire (art. 6).<\/p>\n<p>Le r\u00e8glement sur les appellations d\u2019origine des vins vaudois du 19 juin 1985 a \u00e9galement consacr\u00e9 le caract\u00e8re unique des appellations D\u00e9zaley et Calamin. Il reprenait d\u2019abord les notions de r\u00e9gions viticoles (dont Lavaux) et de lieux de production (pour Lavaux : Lutry, Villette, Epesses, Saint-Saphorin, Chardonne et Montreux et Vevey). Les vins portant l\u2019appellation de ces lieux de production pouvaient provenir de raisins issus \u00e0 51% seulement du lieu en question. Les aires viticoles du D\u00e9zaley et du Calamin n\u2019\u00e9taient cependant pas des lieux de production mais donnaient droit \u00e0 une appellation de cru (art. 8). Les autres appellations de cru (art. 17 ss) \u00e9taient le clos, le ch\u00e2teau, l\u2019abbaye, le domaine, l\u2019appellation cadastrale et le lieu-dit. Seuls les vins qui b\u00e9n\u00e9ficiaient d\u2019une appellation de cru avaient droit aux mentions \u00ab cru \u00bb ou \u00ab grand cru \u00bb. D\u00e8s la cr\u00e9ation du label, les appellations D\u00e9zaley et Calamin ont en outre \u00e9t\u00e9 consid\u00e9r\u00e9es comme des AOC.<\/p>\n<p>Depuis plus de soixante ans, la r\u00e9glementation vaudoise pouvait donc sch\u00e9matiquement se r\u00e9sumer comme suit :<\/p>\n<p>d\u2019une part, les vins portant la mention d\u2019une r\u00e9gion viticole (Lavaux, etc.) ou d\u2019un lieu de production (Lutry, St-Saphorin etc.) ;<br \/>\nd\u2019autre part les vins portant une appellation de cru (ou grand cru) (domaine, ch\u00e2teau, etc.), dont l\u2019appellation D\u00e9zaley ou Calamin, soumis \u00e0 des exigences sup\u00e9rieures (en particulier coupage exclu). L\u2019appellation D\u00e9zaley et l\u2019appellation Calamin disposaient en outre du label AOC.<\/p>\n<p>Depuis le 1er juin 2009, cette distinction se retrouvait dans le nouveau r\u00e8glement mais les appellations D\u00e9zaley et Calamin \u00e9taient consid\u00e9r\u00e9es comme lieux de production ordinaires. Ce jusqu\u2019\u00e0 la r\u00e9cente modification du R\u00e8glement sur les vins vaudois du 20 mars 2013 qui octroie l\u2019AOC Grand Cru \u00e0 ces deux appellations prestigieuses.<\/p>\n<p><!-- {\"name\":\"\",\"type\":\"layout\",\"children\":[{\"name\":\"banner-avec-zone\",\"type\":\"section\",\"props\":{\"width\":\"\",\"padding\":\"large\",\"style\":\"secondary\",\"text_color\":\"light\",\"media\":\"images\\\/home-header.jpg\",\"height_viewport\":true,\"header_overlay\":\"light\",\"image\":\"wp-content\\\/uploads\\\/aoc_interne.jpg\",\"media_advanced\":true,\"image_size\":\"cover\",\"media_background\":null,\"media_overlay\":null,\"height\":\"full\",\"animation\":\"slide-top\",\"header_transparent\":\"light\",\"image_position\":\"bottom-center\",\"image_fixed\":false,\"class\":\"\",\"media_blend_mode\":\"\",\"overlap\":true,\"css\":\"\\\/*.uk-grid {\\n    background: url(wp-content\\\/uploads\\\/home-header-splash.png) 50% 50% no-repeat;\\n    background-size: contain;\\n    padding: 135px 0;\\n}*\\\/\\n.uk-grid {\\n    float:right;\\n     \\\/*background-color: #212121;*\\\/\\n    background-color: rgba(33,33,33,.7);\\n    background-size: contain;\\n    padding: 75px;\\n    }\",\"vertical_align\":\"bottom\",\"title_position\":\"top-left\",\"title_rotation\":\"left\",\"title_breakpoint\":\"xl\",\"image_width\":\"1920\",\"image_effect\":\"\",\"image_visibility\":\"\",\"header_transparent_noplaceholder\":false},\"children\":[{\"name\":\"\",\"type\":\"row\",\"props\":{\"layout\":\"1-1\",\"breakpoint\":\"m\",\"fixed_width\":\"large\",\"class\":\"\",\"gutter\":\"\",\"width\":\"\",\"margin\":\"\"},\"children\":[{\"name\":\"\",\"type\":\"column\",\"props\":{\"image_position\":\"center-center\",\"widths\":[\"1-1\"],\"style\":\"\",\"text_color\":\"\",\"padding\":\"\"},\"children\":[{\"name\":\"\",\"type\":\"headline\",\"props\":{\"title_element\":\"div\",\"title_style\":\"h1\",\"title_decoration\":\"\",\"title_color\":\"\",\"text_align\":\"left\",\"text_align_breakpoint\":\"\",\"text_align_fallback\":\"\",\"maxwidth\":\"\",\"maxwidth_align\":\"\",\"maxwidth_breakpoint\":\"\",\"margin\":\"\",\"animation\":\"\",\"visibility\":\"\",\"css\":\".el-element {text-transform:uppercase;font-weight:bold;letter-spacing:3px}\",\"content\":\"\n\n<p>L\\u2019AOC<br \/>D\\u00e9zaley Grand Cru<\\\/p>\"}},{\"name\":\"\",\"type\":\"text\",\"props\":{\"column_breakpoint\":\"m\",\"margin\":\"small\",\"content\":\"\n\n<p>Une reconnaissance de longue date<\\\/p>\",\"text_style\":\"lead\",\"text_align\":\"\",\"animation\":\"slide-bottom\",\"column\":\"\",\"text_align_breakpoint\":\"\",\"text_align_fallback\":\"\",\"maxwidth\":\"\",\"maxwidth_align\":\"\",\"maxwidth_breakpoint\":\"\",\"visibility\":\"\",\"css\":\".el-element {font-size:14pt}\"}}]}]}]},{\"name\":\"\",\"type\":\"section\",\"props\":{\"style\":\"default\",\"width\":\"default\",\"vertical_align\":\"middle\",\"title_position\":\"top-left\",\"title_rotation\":\"left\",\"title_breakpoint\":\"xl\",\"image_position\":\"center-center\",\"height\":\"\",\"padding\":\"large\",\"header_transparent\":\"\",\"animation\":\"\"},\"children\":[{\"name\":\"\",\"type\":\"row\",\"props\":{\"fixed_width\":\"large\",\"breakpoint\":\"m\"},\"children\":[{\"name\":\"\",\"type\":\"column\",\"props\":{\"widths\":[\"\"],\"image_position\":\"center-center\"},\"children\":[{\"name\":\"\",\"type\":\"headline\",\"props\":{\"title_element\":\"h1\",\"title_style\":\"\",\"title_decoration\":\"\",\"title_color\":\"\",\"text_align\":\"center\",\"text_align_breakpoint\":\"\",\"text_align_fallback\":\"\",\"maxwidth\":\"\",\"maxwidth_align\":\"\",\"maxwidth_breakpoint\":\"\",\"margin\":\"\",\"animation\":\"\",\"visibility\":\"\",\"content\":\"L\\u2019AOC D\\u00e9zaley Grand Cru\"}},{\"name\":\"\",\"type\":\"divider\",\"props\":{\"divider_element\":\"hr\",\"divider_style\":\"icon\",\"divider_align\":\"\",\"divider_align_breakpoint\":\"\",\"divider_align_fallback\":\"\",\"maxwidth\":\"\",\"maxwidth_align\":\"\",\"maxwidth_breakpoint\":\"\",\"margin\":\"\",\"animation\":\"\",\"visibility\":\"\"}}]}]},{\"name\":\"\",\"type\":\"row\",\"props\":{\"fixed_width\":\"large\",\"breakpoint\":\"m\",\"layout\":\"2-3,\",\"gutter\":\"\",\"width\":\"\",\"margin\":\"\"},\"children\":[{\"name\":\"\",\"type\":\"column\",\"props\":{\"widths\":[\"2-3\"],\"image_position\":\"center-center\"},\"children\":[{\"name\":\"\",\"type\":\"text\",\"props\":{\"margin\":\"default\",\"column_breakpoint\":\"m\",\"text_style\":\"\",\"text_color\":\"\",\"text_size\":\"\",\"column\":\"1-2\",\"text_align\":\"\",\"text_align_breakpoint\":\"\",\"text_align_fallback\":\"\",\"maxwidth\":\"\",\"maxwidth_align\":\"\",\"maxwidth_breakpoint\":\"\",\"animation\":\"\",\"visibility\":\"\",\"content\":\"\n\n<p>Le 21 mars 2013, le Gouvernement vaudois a d\\u00e9cid\\u00e9 de r\\u00e9pondre favorablement \\u00e0 la demande de la Commission interprofessionnelle du vin vaudois de conf\\u00e9rer aux zones viticoles du D\\u00e9zaley et du Calamin l'appellation d'origine contr\\u00f4l\\u00e9e (AOC Grand Cru). La situation particuli\\u00e8re des appellations D\\u00e9zaley et Calamin a toujours \\u00e9t\\u00e9 reconnue par la l\\u00e9gislation vaudoise, m\\u00eame si la r\\u00e9vision de 2009 les avait quelque peu oubli\\u00e9es. L'objectif poursuivi par cette modification du r\\u00e8glement est de renforcer la visibilit\\u00e9 des vins du D\\u00e9zaley et du Calamin en leur conf\\u00e9rant une reconnaissance officielle. Une appellation d'origine contr\\u00f4l\\u00e9e constitue notamment une garantie de qualit\\u00e9 et un atout commercial aupr\\u00e8s des consommateurs. Destin\\u00e9es \\u00e0 des vins jouissant depuis longtemps d'une image d'excellence, les deux nouvelles AOC sont soumises \\u00e0 des exigences de qualit\\u00e9 suppl\\u00e9mentaires par rapport aux autres AOC. Les vins provenant des zones du D\\u00e9zaley et du Calamin sont obligatoirement des \\u00ab Grands Crus \\u00bb et doivent remplir les obligations li\\u00e9es \\u00e0 ce statut; le coupage leur est interdit; la mention du mill\\u00e9sime est obligatoire; la teneur en sucre doit \\u00eatre de 6 \\u00e0 7\\u00b0Oechsl\\u00e9 sup\\u00e9rieure \\u00e0 celle des autres AOC pour les chasselas et de 10\\u00b0 Oechsl\\u00e9 pour les vins rouges. Si les teneurs en sucres prescrites ne sont pas atteintes, le vin portera l'AOC r\\u00e9gionale \\u00ab Lavaux \\u00bb. La situation particuli\\u00e8re des zones viticoles du D\\u00e9zaley et du Calamin est historiquement av\\u00e9r\\u00e9e et a \\u00e9t\\u00e9 ancr\\u00e9e dans la r\\u00e9glementation vaudoise d\\u00e8s 1949. Le terroir tr\\u00e8s particulier de ces deux r\\u00e9gions a par ailleurs \\u00e9t\\u00e9 reconnu dans l'\\u00e9tude des terroirs viticoles vaudois publi\\u00e9e en 2004 sous l'\\u00e9gide de plusieurs instances scientifiques et administratives.<\\\/p>\"}}]},{\"name\":\"\",\"type\":\"column\",\"props\":{\"widths\":[\"\"],\"image_position\":\"center-center\"},\"children\":[{\"name\":\"\",\"type\":\"image\",\"props\":{\"margin\":\"default\",\"link_target\":\"\",\"image_border\":\"\",\"image_box_shadow\":\"\",\"image_hover_box_shadow\":\"\",\"text_align\":\"\",\"text_align_breakpoint\":\"\",\"text_align_fallback\":\"\",\"maxwidth\":\"\",\"maxwidth_align\":\"\",\"maxwidth_breakpoint\":\"\",\"animation\":\"\",\"visibility\":\"\",\"image\":\"wp-content\\\/uploads\\\/JFChevalleyVigneron_PhPache2016_5301.jpg\"}}]}]}]},{\"name\":\"\",\"type\":\"section\",\"props\":{\"style\":\"default\",\"width\":\"default\",\"vertical_align\":\"middle\",\"title_position\":\"top-left\",\"title_rotation\":\"left\",\"title_breakpoint\":\"xl\",\"image_position\":\"center-center\",\"height\":\"\",\"padding\":\"xlarge\",\"header_transparent\":\"\",\"animation\":\"\",\"image\":\"wp-content\\\/uploads\\\/GRAPPES.jpg\",\"text_color\":\"\",\"image_size\":\"cover\",\"image_effect\":\"fixed\",\"image_visibility\":\"\",\"media_blend_mode\":\"\",\"css\":\"\"},\"children\":[{\"name\":\"\",\"type\":\"row\",\"props\":{\"fixed_width\":\"large\",\"breakpoint\":\"m\",\"layout\":\"2-3,\",\"gutter\":\"\",\"width\":\"\",\"margin\":\"\"},\"children\":[{\"name\":\"\",\"type\":\"column\",\"props\":{\"widths\":[\"2-3\"],\"image_position\":\"center-center\"},\"children\":[{\"name\":\"\",\"type\":\"headline\",\"props\":{\"title_element\":\"div\",\"title_style\":\"h1\",\"title_decoration\":\"\",\"title_color\":\"\",\"text_align\":\"\",\"text_align_breakpoint\":\"\",\"text_align_fallback\":\"\",\"maxwidth\":\"\",\"maxwidth_align\":\"\",\"maxwidth_breakpoint\":\"\",\"margin\":\"\",\"animation\":\"\",\"visibility\":\"\",\"css\":\".el-element {text-transform:uppercase;font-weight:bold;letter-spacing:3px;\\ncolor:#fff}\",\"content\":\"Une sp\\u00e9cificit\\u00e9 reconnue de longue date<br \/>par la l\\u00e9gislation vaudoise\"}}]},{\"name\":\"\",\"type\":\"column\",\"props\":{\"widths\":[\"\"],\"image_position\":\"center-center\"}}]}]},{\"name\":\"\",\"type\":\"section\",\"props\":{\"style\":\"default\",\"width\":\"default\",\"vertical_align\":\"middle\",\"title_position\":\"top-left\",\"title_rotation\":\"left\",\"title_breakpoint\":\"xl\",\"image_position\":\"center-center\",\"height\":\"\",\"padding\":\"\",\"header_transparent\":\"\",\"animation\":\"\"},\"children\":[{\"name\":\"\",\"type\":\"row\",\"props\":{\"fixed_width\":\"large\",\"breakpoint\":\"m\",\"layout\":\",\",\"gutter\":\"\",\"width\":\"\",\"margin\":\"large\"},\"children\":[{\"name\":\"\",\"type\":\"column\",\"props\":{\"widths\":[\"\"],\"image_position\":\"center-center\"},\"children\":[{\"name\":\"\",\"type\":\"image\",\"props\":{\"margin\":\"default\",\"link_target\":\"\",\"image_border\":\"\",\"image_box_shadow\":\"\",\"image_hover_box_shadow\":\"\",\"text_align\":\"\",\"text_align_breakpoint\":\"\",\"text_align_fallback\":\"\",\"maxwidth\":\"\",\"maxwidth_align\":\"\",\"maxwidth_breakpoint\":\"\",\"animation\":\"\",\"visibility\":\"\",\"image\":\"wp-content\\\/uploads\\\/lavauxview_001.jpg\"}}]},{\"name\":\"\",\"type\":\"column\",\"props\":{\"widths\":[\"\"],\"image_position\":\"center-center\"},\"children\":[{\"name\":\"\",\"type\":\"text\",\"props\":{\"margin\":\"default\",\"column_breakpoint\":\"m\",\"text_style\":\"\",\"text_color\":\"\",\"text_size\":\"\",\"column\":\"\",\"text_align\":\"\",\"text_align_breakpoint\":\"\",\"text_align_fallback\":\"\",\"maxwidth\":\"\",\"maxwidth_align\":\"\",\"maxwidth_breakpoint\":\"\",\"animation\":\"\",\"visibility\":\"\",\"content\":\"\n\n<p>En vertu de l\\u2019arr\\u00eat\\u00e9 sur la d\\u00e9limitation des r\\u00e9gions viticoles du 5 avril 1949 d\\u00e9j\\u00e0, alors que tous les autres appellations pouvaient \\u00eatre port\\u00e9es par un vin d\\u00e8s qu\\u2019il \\u00e9tait form\\u00e9 \\u00ab en majeure partie \\u00bb de raisins provenant de la commune en question, l\\u2019appellation D\\u00e9zaley, la seule exception pr\\u00e9vue (art. 4), ne pouvait d\\u00e9signer qu\\u2019un vin provenant enti\\u00e8rement du vignoble du D\\u00e9zaley, tr\\u00e8s pr\\u00e9cis\\u00e9ment d\\u00e9limit\\u00e9. Les appellations ont ensuite \\u00e9t\\u00e9 pr\\u00e9cis\\u00e9es par l\\u2019arr\\u00eat\\u00e9 du 8 novembre 1963 sur la d\\u00e9limitation de la r\\u00e9gion viticole du Lavaux. Celui-ci autorisait des coupages \\u00e0 hauteur de 49% ou 30% pour les appellations des lieux de production (Lutry, Villette, Epesses, St-Saphorin, Chardonne et Vevey) et introduisait en outre la notion d\\u2019appellation de cru (domaine, ch\\u00e2teau, etc.), dont b\\u00e9n\\u00e9ficiaient les vins r\\u00e9colt\\u00e9s exclusivement sur l\\u2019aire concern\\u00e9e. Le D\\u00e9zaley et le Calamin \\u00e9taient r\\u00e9gis par une disposition sp\\u00e9ciale en qualit\\u00e9 \\u00ab d\\u2019aire d\\u00e9limit\\u00e9e d\\u2019appellation de cru \\u00bb pr\\u00e9voyant pr\\u00e9cis\\u00e9ment l\\u2019\\u00e9tendue de leur territoire (art. 6).<\\\/p>\"}}]}]},{\"name\":\"\",\"type\":\"row\",\"props\":{\"fixed_width\":\"large\",\"breakpoint\":\"m\",\"layout\":\",\",\"gutter\":\"\",\"width\":\"default\",\"margin\":\"large\"},\"children\":[{\"name\":\"\",\"type\":\"column\",\"props\":{\"widths\":[\"\"],\"image_position\":\"center-center\"},\"children\":[{\"name\":\"\",\"type\":\"text\",\"props\":{\"margin\":\"default\",\"column_breakpoint\":\"m\",\"text_style\":\"\",\"text_color\":\"\",\"text_size\":\"\",\"column\":\"\",\"text_align\":\"\",\"text_align_breakpoint\":\"\",\"text_align_fallback\":\"\",\"maxwidth\":\"\",\"maxwidth_align\":\"\",\"maxwidth_breakpoint\":\"\",\"animation\":\"\",\"visibility\":\"\",\"content\":\"\n\n<p>Le r\\u00e8glement sur les appellations d\\u2019origine des vins vaudois du 19 juin 1985 a \\u00e9galement consacr\\u00e9 le caract\\u00e8re unique des appellations D\\u00e9zaley et Calamin. Il reprenait d\\u2019abord les notions de r\\u00e9gions viticoles (dont Lavaux) et de lieux de production (pour Lavaux : Lutry, Villette, Epesses, Saint-Saphorin, Chardonne et Montreux et Vevey). Les vins portant l\\u2019appellation de ces lieux de production pouvaient provenir de raisins issus \\u00e0 51% seulement du lieu en question. Les aires viticoles du D\\u00e9zaley et du Calamin n\\u2019\\u00e9taient cependant pas des lieux de production mais donnaient droit \\u00e0 une appellation de cru (art. 8). Les autres appellations de cru (art. 17 ss) \\u00e9taient le clos, le ch\\u00e2teau, l\\u2019abbaye, le domaine, l\\u2019appellation cadastrale et le lieu-dit. Seuls les vins qui b\\u00e9n\\u00e9ficiaient d\\u2019une appellation de cru avaient droit aux mentions \\u00ab cru \\u00bb ou \\u00ab grand cru \\u00bb. D\\u00e8s la cr\\u00e9ation du label, les appellations D\\u00e9zaley et Calamin ont en outre \\u00e9t\\u00e9 consid\\u00e9r\\u00e9es comme des AOC.<\\\/p>\"}},{\"name\":\"\",\"type\":\"text\",\"props\":{\"margin\":\"default\",\"column_breakpoint\":\"m\",\"text_style\":\"\",\"text_color\":\"\",\"text_size\":\"\",\"column\":\"\",\"text_align\":\"\",\"text_align_breakpoint\":\"\",\"text_align_fallback\":\"\",\"maxwidth\":\"\",\"maxwidth_align\":\"\",\"maxwidth_breakpoint\":\"\",\"animation\":\"\",\"visibility\":\"\",\"content\":\"\n\n<p>Depuis plus de soixante ans, la r\\u00e9glementation vaudoise pouvait donc sch\\u00e9matiquement se r\\u00e9sumer comme suit :<\\\/p>\\n\n\n<ul>\\n\n\n<li>d\\u2019une part, les vins portant la mention d\\u2019une r\\u00e9gion viticole (Lavaux, etc.) ou d\\u2019un lieu de production (Lutry, St-Saphorin etc.) ;<\\\/li>\\n\n\n<li>d\\u2019autre part les vins portant une appellation de cru (ou grand cru) (domaine, ch\\u00e2teau, etc.), dont l\\u2019appellation D\\u00e9zaley ou Calamin, soumis \\u00e0 des exigences sup\\u00e9rieures (en particulier coupage exclu). L\\u2019appellation D\\u00e9zaley et l\\u2019appellation Calamin disposaient en outre du label AOC.<\\\/li>\\n<\\\/ul>\\n\n\n<p>Depuis le 1er juin 2009, cette distinction se retrouvait dans le nouveau r\\u00e8glement mais les appellations D\\u00e9zaley et Calamin \\u00e9taient consid\\u00e9r\\u00e9es comme lieux de production ordinaires. Ce jusqu\\u2019\\u00e0 la r\\u00e9cente modification du R\\u00e8glement sur les vins vaudois du 20 mars 2013 qui octroie l\\u2019AOC Grand Cru \\u00e0 ces deux appellations prestigieuses.<\\\/p>\"}}]},{\"name\":\"\",\"type\":\"column\",\"props\":{\"widths\":[\"\"],\"image_position\":\"center-center\"},\"children\":[{\"name\":\"\",\"type\":\"image\",\"props\":{\"margin\":\"default\",\"link_target\":\"\",\"image_border\":\"\",\"image_box_shadow\":\"\",\"image_hover_box_shadow\":\"\",\"text_align\":\"\",\"text_align_breakpoint\":\"\",\"text_align_fallback\":\"\",\"maxwidth\":\"\",\"maxwidth_align\":\"\",\"maxwidth_breakpoint\":\"\",\"animation\":\"\",\"visibility\":\"\",\"image\":\"wp-content\\\/uploads\\\/JFChevalleyVigneron_PhPache2016_5341.jpg\"}}]}]}]}]} --><\/p>\n","protected":false},"excerpt":{"rendered":"<p>L\u2019AOCD\u00e9zaley Grand Cru Une reconnaissance de longue date L\u2019AOC D\u00e9zaley Grand Cru Le 21 mars 2013, le Gouvernement vaudois a d\u00e9cid\u00e9 de r\u00e9pondre favorablement \u00e0 la demande de la Commission interprofessionnelle du vin vaudois de conf\u00e9rer aux zones viticoles du D\u00e9zaley et du Calamin l&rsquo;appellation d&rsquo;origine contr\u00f4l\u00e9e (AOC Grand Cru). La situation particuli\u00e8re des appellations [&hellip;]<\/p>\n","protected":false},"author":1,"featured_media":0,"parent":0,"menu_order":0,"comment_status":"closed","ping_status":"closed","template":"","meta":[],"_links":{"self":[{"href":"https:\/\/www.dezaley.ch\/fr\/wp-json\/wp\/v2\/pages\/439"}],"collection":[{"href":"https:\/\/www.dezaley.ch\/fr\/wp-json\/wp\/v2\/pages"}],"about":[{"href":"https:\/\/www.dezaley.ch\/fr\/wp-json\/wp\/v2\/types\/page"}],"author":[{"embeddable":true,"href":"https:\/\/www.dezaley.ch\/fr\/wp-json\/wp\/v2\/users\/1"}],"replies":[{"embeddable":true,"href":"https:\/\/www.dezaley.ch\/fr\/wp-json\/wp\/v2\/comments?post=439"}],"version-history":[{"count":15,"href":"https:\/\/www.dezaley.ch\/fr\/wp-json\/wp\/v2\/pages\/439\/revisions"}],"predecessor-version":[{"id":583,"href":"https:\/\/www.dezaley.ch\/fr\/wp-json\/wp\/v2\/pages\/439\/revisions\/583"}],"wp:attachment":[{"href":"https:\/\/www.dezaley.ch\/fr\/wp-json\/wp\/v2\/media?parent=439"}],"curies":[{"name":"wp","href":"https:\/\/api.w.org\/{rel}","templated":true}]}}